{"id":96,"date":"2023-05-06T15:58:58","date_gmt":"2023-05-06T15:58:58","guid":{"rendered":"https:\/\/agiletalentco.net\/?page_id=96"},"modified":"2025-04-29T22:54:51","modified_gmt":"2025-04-29T22:54:51","slug":"about-us","status":"publish","type":"page","link":"https:\/\/agiletalentco.net\/en\/about-us\/","title":{"rendered":"About Us"},"content":{"rendered":"<div data-elementor-type=\"wp-page\" data-elementor-id=\"96\" class=\"elementor elementor-96\" data-elementor-post-type=\"page\">\n\t\t\t\t\t\t<section class=\"elementor-section elementor-top-section elementor-element elementor-element-1d939570 elementor-section-boxed elementor-section-height-default elementor-section-height-default elementor-invisible\" data-id=\"1d939570\" data-element_type=\"section\" data-settings=\"{&quot;background_background&quot;:&quot;classic&quot;,&quot;animation&quot;:&quot;fadeIn&quot;}\">\n\t\t\t\t\t\t\t<div class=\"elementor-background-overlay\"><\/div>\n\t\t\t\t\t\t\t<div class=\"elementor-container elementor-column-gap-no\">\n\t\t\t\t\t<div class=\"elementor-column elementor-col-50 elementor-top-column elementor-element elementor-element-955b6c3\" data-id=\"955b6c3\" data-element_type=\"column\">\n\t\t\t<div class=\"elementor-widget-wrap\">\n\t\t\t\t\t\t\t<\/div>\n\t\t<\/div>\n\t\t\t\t<div class=\"elementor-column elementor-col-50 elementor-top-column elementor-element elementor-element-20dbd4da\" data-id=\"20dbd4da\" data-element_type=\"column\">\n\t\t\t<div class=\"elementor-widget-wrap elementor-element-populated\">\n\t\t\t\t\t\t<div class=\"elementor-element elementor-element-1510da22 elementor-widget elementor-widget-text-editor\" data-id=\"1510da22\" data-element_type=\"widget\" data-widget_type=\"text-editor.default\">\n\t\t\t\t<div class=\"elementor-widget-container\">\n\t\t\t\t\t\t\t\t\t<p>Home - About us<\/p>\t\t\t\t\t\t\t\t<\/div>\n\t\t\t\t<\/div>\n\t\t\t\t\t<\/div>\n\t\t<\/div>\n\t\t\t\t\t<\/div>\n\t\t<\/section>\n\t\t\t\t<section class=\"elementor-section elementor-top-section elementor-element elementor-element-268785f6 elementor-section-boxed elementor-section-height-default elementor-section-height-default elementor-invisible\" data-id=\"268785f6\" data-element_type=\"section\" data-settings=\"{&quot;animation&quot;:&quot;fadeIn&quot;,&quot;background_background&quot;:&quot;classic&quot;}\">\n\t\t\t\t\t\t<div class=\"elementor-container elementor-column-gap-no\">\n\t\t\t\t\t<div class=\"elementor-column elementor-col-33 elementor-top-column elementor-element elementor-element-4be9a941\" data-id=\"4be9a941\" data-element_type=\"column\">\n\t\t\t<div class=\"elementor-widget-wrap elementor-element-populated\">\n\t\t\t\t\t\t<div class=\"elementor-element elementor-element-40ce5d95 elementor-widget elementor-widget-image\" data-id=\"40ce5d95\" data-element_type=\"widget\" data-widget_type=\"image.default\">\n\t\t\t\t<div class=\"elementor-widget-container\">\n\t\t\t\t\t\t\t\t\t\t\t\t\t\t\t<img fetchpriority=\"high\" decoding=\"async\" width=\"321\" height=\"383\" src=\"https:\/\/agiletalentco.net\/wp-content\/uploads\/2024\/04\/Nosotros1.jpg\" class=\"attachment-full size-full wp-image-1408\" alt=\"\" srcset=\"https:\/\/agiletalentco.net\/wp-content\/uploads\/2024\/04\/Nosotros1.jpg 321w, https:\/\/agiletalentco.net\/wp-content\/uploads\/2024\/04\/Nosotros1-251x300.jpg 251w, https:\/\/agiletalentco.net\/wp-content\/uploads\/2024\/04\/Nosotros1-10x12.jpg 10w\" sizes=\"(max-width: 321px) 100vw, 321px\" \/>\t\t\t\t\t\t\t\t\t\t\t\t\t\t\t<\/div>\n\t\t\t\t<\/div>\n\t\t\t\t\t<\/div>\n\t\t<\/div>\n\t\t\t\t<div class=\"elementor-column elementor-col-33 elementor-top-column elementor-element elementor-element-5a583d3d\" data-id=\"5a583d3d\" data-element_type=\"column\">\n\t\t\t<div class=\"elementor-widget-wrap elementor-element-populated\">\n\t\t\t\t\t\t<div class=\"elementor-element elementor-element-5fa2cd42 elementor-widget elementor-widget-image\" data-id=\"5fa2cd42\" data-element_type=\"widget\" data-widget_type=\"image.default\">\n\t\t\t\t<div class=\"elementor-widget-container\">\n\t\t\t\t\t\t\t\t\t\t\t\t\t\t\t<img decoding=\"async\" width=\"321\" height=\"383\" src=\"https:\/\/agiletalentco.net\/wp-content\/uploads\/2024\/04\/Nosotros.jpg\" class=\"attachment-full size-full wp-image-1407\" alt=\"\" srcset=\"https:\/\/agiletalentco.net\/wp-content\/uploads\/2024\/04\/Nosotros.jpg 321w, https:\/\/agiletalentco.net\/wp-content\/uploads\/2024\/04\/Nosotros-251x300.jpg 251w, https:\/\/agiletalentco.net\/wp-content\/uploads\/2024\/04\/Nosotros-10x12.jpg 10w\" sizes=\"(max-width: 321px) 100vw, 321px\" \/>\t\t\t\t\t\t\t\t\t\t\t\t\t\t\t<\/div>\n\t\t\t\t<\/div>\n\t\t\t\t\t<\/div>\n\t\t<\/div>\n\t\t\t\t<div class=\"elementor-column elementor-col-33 elementor-top-column elementor-element elementor-element-315fba43\" data-id=\"315fba43\" data-element_type=\"column\">\n\t\t\t<div class=\"elementor-widget-wrap elementor-element-populated\">\n\t\t\t\t\t\t<div class=\"elementor-element elementor-element-3124aead elementor-widget elementor-widget-elementskit-heading\" data-id=\"3124aead\" data-element_type=\"widget\" data-widget_type=\"elementskit-heading.default\">\n\t\t\t\t<div class=\"elementor-widget-container\">\n\t\t\t\t\t<div class=\"ekit-wid-con\" ><div class=\"ekit-heading elementskit-section-title-wraper text_right   ekit_heading_tablet-text_left   ekit_heading_mobile-\"><h1 class=\"ekit-heading--title elementskit-section-title\">En Agile Talent Company ATC<\/h1><div class=\"ekit_heading_separetor_wraper ekit_heading_elementskit-border-divider elementskit-style-long\"><div class=\"elementskit-border-divider elementskit-style-long\"><\/div><\/div><\/div><\/div>\t\t\t\t<\/div>\n\t\t\t\t<\/div>\n\t\t\t\t<div class=\"elementor-element elementor-element-6b43f23a elementor-widget elementor-widget-text-editor\" data-id=\"6b43f23a\" data-element_type=\"widget\" data-widget_type=\"text-editor.default\">\n\t\t\t\t<div class=\"elementor-widget-container\">\n\t\t\t\t\t\t\t\t\t<p>We are proud to lead the human resources industry in Costa Rica. As subject matter experts, we offer scalable and effective human resources solutions for companies of all sizes and are passionate about helping our clients achieve their strategic objectives through the effective management of their human capital.<\/p>\t\t\t\t\t\t\t\t<\/div>\n\t\t\t\t<\/div>\n\t\t\t\t\t<\/div>\n\t\t<\/div>\n\t\t\t\t\t<\/div>\n\t\t<\/section>\n\t\t\t\t<section class=\"elementor-section elementor-top-section elementor-element elementor-element-6aa6ce9d elementor-section-boxed elementor-section-height-default elementor-section-height-default elementor-invisible\" data-id=\"6aa6ce9d\" data-element_type=\"section\" data-settings=\"{&quot;animation&quot;:&quot;fadeIn&quot;,&quot;background_background&quot;:&quot;classic&quot;}\">\n\t\t\t\t\t\t<div class=\"elementor-container elementor-column-gap-no\">\n\t\t\t\t\t<div class=\"elementor-column elementor-col-50 elementor-top-column elementor-element elementor-element-178e2381\" data-id=\"178e2381\" data-element_type=\"column\">\n\t\t\t<div class=\"elementor-widget-wrap elementor-element-populated\">\n\t\t\t\t\t\t<div class=\"elementor-element elementor-element-6091445b elementor-widget elementor-widget-text-editor\" data-id=\"6091445b\" data-element_type=\"widget\" data-widget_type=\"text-editor.default\">\n\t\t\t\t<div class=\"elementor-widget-container\">\n\t\t\t\t\t\t\t\t\t<p>We believe that business success begins with human talent. Therefore, we strive to help our clients attract, retain and develop the best professionals available in the market. To achieve this, we offer a wide range of services ranging from recruitment and hiring, to performance and talent management, payroll and benefits administration, and human resources consulting. All this to help our clients achieve their goals effectively.<\/p><p>At Agile Talent Company ATC, we ensure that we stay at the forefront of the human resources industry by offering customized and effective solutions. In addition, our healthy and productive work culture, both for our clients and within our own company, is an important part of our work philosophy.<\/p>\t\t\t\t\t\t\t\t<\/div>\n\t\t\t\t<\/div>\n\t\t\t\t\t<\/div>\n\t\t<\/div>\n\t\t\t\t<div class=\"elementor-column elementor-col-50 elementor-top-column elementor-element elementor-element-2a8b19b6\" data-id=\"2a8b19b6\" data-element_type=\"column\">\n\t\t\t<div class=\"elementor-widget-wrap\">\n\t\t\t\t\t\t\t<\/div>\n\t\t<\/div>\n\t\t\t\t\t<\/div>\n\t\t<\/section>\n\t\t\t\t<section class=\"elementor-section elementor-top-section elementor-element elementor-element-3761ede elementor-section-content-middle elementor-section-boxed elementor-section-height-default elementor-section-height-default\" data-id=\"3761ede\" data-element_type=\"section\" data-settings=\"{&quot;background_background&quot;:&quot;classic&quot;}\">\n\t\t\t\t\t\t<div class=\"elementor-container elementor-column-gap-no\">\n\t\t\t\t\t<div class=\"elementor-column elementor-col-33 elementor-top-column elementor-element elementor-element-64cb9b24\" data-id=\"64cb9b24\" data-element_type=\"column\">\n\t\t\t<div class=\"elementor-widget-wrap elementor-element-populated\">\n\t\t\t\t\t\t<div class=\"elementor-element elementor-element-c46a196 elementor-widget elementor-widget-heading\" data-id=\"c46a196\" data-element_type=\"widget\" data-widget_type=\"heading.default\">\n\t\t\t\t<div class=\"elementor-widget-container\">\n\t\t\t\t\t<h2 class=\"elementor-heading-title elementor-size-default\">We are the best partner to achieve your business goals<\/h2>\t\t\t\t<\/div>\n\t\t\t\t<\/div>\n\t\t\t\t\t<\/div>\n\t\t<\/div>\n\t\t\t\t<div class=\"elementor-column elementor-col-33 elementor-top-column elementor-element elementor-element-76b86db0\" data-id=\"76b86db0\" data-element_type=\"column\">\n\t\t\t<div class=\"elementor-widget-wrap elementor-element-populated\">\n\t\t\t\t\t\t<div class=\"elementor-element elementor-element-1201121c elementor-widget elementor-widget-image\" data-id=\"1201121c\" data-element_type=\"widget\" data-widget_type=\"image.default\">\n\t\t\t\t<div class=\"elementor-widget-container\">\n\t\t\t\t\t\t\t\t\t\t\t\t\t\t\t<img decoding=\"async\" width=\"321\" height=\"383\" src=\"https:\/\/agiletalentco.net\/wp-content\/uploads\/2024\/04\/mision.jpg\" class=\"elementor-animation-grow attachment-full size-full wp-image-1412\" alt=\"\" srcset=\"https:\/\/agiletalentco.net\/wp-content\/uploads\/2024\/04\/mision.jpg 321w, https:\/\/agiletalentco.net\/wp-content\/uploads\/2024\/04\/mision-251x300.jpg 251w, https:\/\/agiletalentco.net\/wp-content\/uploads\/2024\/04\/mision-10x12.jpg 10w\" sizes=\"(max-width: 321px) 100vw, 321px\" \/>\t\t\t\t\t\t\t\t\t\t\t\t\t\t\t<\/div>\n\t\t\t\t<\/div>\n\t\t\t\t<div class=\"elementor-element elementor-element-df4a01b elementor-widget elementor-widget-heading\" data-id=\"df4a01b\" data-element_type=\"widget\" data-widget_type=\"heading.default\">\n\t\t\t\t<div class=\"elementor-widget-container\">\n\t\t\t\t\t<h2 class=\"elementor-heading-title elementor-size-default\">Our Mission<\/h2>\t\t\t\t<\/div>\n\t\t\t\t<\/div>\n\t\t\t\t<div class=\"elementor-element elementor-element-7c10822 elementor-widget elementor-widget-text-editor\" data-id=\"7c10822\" data-element_type=\"widget\" data-widget_type=\"text-editor.default\">\n\t\t\t\t<div class=\"elementor-widget-container\">\n\t\t\t\t\t\t\t\t\t<p>To provide effective human resources solutions for our clients through a combination of experience, innovation and commitment to service excellence. We strive to understand our clients' unique needs and expectations, offering solutions that meet their business objectives.<\/p>\t\t\t\t\t\t\t\t<\/div>\n\t\t\t\t<\/div>\n\t\t\t\t\t<\/div>\n\t\t<\/div>\n\t\t\t\t<div class=\"elementor-column elementor-col-33 elementor-top-column elementor-element elementor-element-51f9cb0e\" data-id=\"51f9cb0e\" data-element_type=\"column\">\n\t\t\t<div class=\"elementor-widget-wrap elementor-element-populated\">\n\t\t\t\t\t\t<div class=\"elementor-element elementor-element-5d6cf3b5 elementor-widget elementor-widget-image\" data-id=\"5d6cf3b5\" data-element_type=\"widget\" data-widget_type=\"image.default\">\n\t\t\t\t<div class=\"elementor-widget-container\">\n\t\t\t\t\t\t\t\t\t\t\t\t\t\t\t<img loading=\"lazy\" decoding=\"async\" width=\"800\" height=\"1000\" src=\"https:\/\/agiletalentco.net\/wp-content\/uploads\/2024\/04\/mejora-de-eficiencia.png\" class=\"elementor-animation-grow attachment-full size-full wp-image-1416\" alt=\"\" srcset=\"https:\/\/agiletalentco.net\/wp-content\/uploads\/2024\/04\/mejora-de-eficiencia.png 800w, https:\/\/agiletalentco.net\/wp-content\/uploads\/2024\/04\/mejora-de-eficiencia-240x300.png 240w, https:\/\/agiletalentco.net\/wp-content\/uploads\/2024\/04\/mejora-de-eficiencia-768x960.png 768w, https:\/\/agiletalentco.net\/wp-content\/uploads\/2024\/04\/mejora-de-eficiencia-10x12.png 10w\" sizes=\"(max-width: 800px) 100vw, 800px\" \/>\t\t\t\t\t\t\t\t\t\t\t\t\t\t\t<\/div>\n\t\t\t\t<\/div>\n\t\t\t\t<div class=\"elementor-element elementor-element-bacaa64 elementor-widget elementor-widget-heading\" data-id=\"bacaa64\" data-element_type=\"widget\" data-widget_type=\"heading.default\">\n\t\t\t\t<div class=\"elementor-widget-container\">\n\t\t\t\t\t<h2 class=\"elementor-heading-title elementor-size-default\">Our vision<\/h2>\t\t\t\t<\/div>\n\t\t\t\t<\/div>\n\t\t\t\t<div class=\"elementor-element elementor-element-22540b3 elementor-widget elementor-widget-text-editor\" data-id=\"22540b3\" data-element_type=\"widget\" data-widget_type=\"text-editor.default\">\n\t\t\t\t<div class=\"elementor-widget-container\">\n\t\t\t\t\t\t\t\t\t<p>To be the leading provider of human resources solutions in Costa Rica and Central America, recognized for our excellence in service, innovation and commitment to quality Agile Talent Company ATC. We seek to change the way companies view and use human resources, offering effective solutions that generate a positive impact on the business results of our clients.<\/p>\t\t\t\t\t\t\t\t<\/div>\n\t\t\t\t<\/div>\n\t\t\t\t\t<\/div>\n\t\t<\/div>\n\t\t\t\t\t<\/div>\n\t\t<\/section>\n\t\t\t\t<\/div>","protected":false},"excerpt":{"rendered":"<p>Inicio &#8211; Nosotros En Agile Talent Company ATC Nos sentimos orgullosos de liderar la industria de recursos humanos en Costa Rica. Como expertos en la materia, ofrecemos soluciones escalables y efectivas en recursos humanos para empresas de todos los tama\u00f1os y nos apasiona ayudar a nuestros clientes a alcanzar sus objetivos estrat\u00e9gicos a trav\u00e9s de [&hellip;]<\/p>","protected":false},"author":4,"featured_media":0,"parent":0,"menu_order":0,"comment_status":"closed","ping_status":"closed","template":"elementor_header_footer","meta":{"footnotes":""},"class_list":["post-96","page","type-page","status-publish","hentry"],"_links":{"self":[{"href":"https:\/\/agiletalentco.net\/en\/wp-json\/wp\/v2\/pages\/96","targetHints":{"allow":["GET"]}}],"collection":[{"href":"https:\/\/agiletalentco.net\/en\/wp-json\/wp\/v2\/pages"}],"about":[{"href":"https:\/\/agiletalentco.net\/en\/wp-json\/wp\/v2\/types\/page"}],"author":[{"embeddable":true,"href":"https:\/\/agiletalentco.net\/en\/wp-json\/wp\/v2\/users\/4"}],"replies":[{"embeddable":true,"href":"https:\/\/agiletalentco.net\/en\/wp-json\/wp\/v2\/comments?post=96"}],"version-history":[{"count":57,"href":"https:\/\/agiletalentco.net\/en\/wp-json\/wp\/v2\/pages\/96\/revisions"}],"predecessor-version":[{"id":2107,"href":"https:\/\/agiletalentco.net\/en\/wp-json\/wp\/v2\/pages\/96\/revisions\/2107"}],"wp:attachment":[{"href":"https:\/\/agiletalentco.net\/en\/wp-json\/wp\/v2\/media?parent=96"}],"curies":[{"name":"wp","href":"https:\/\/api.w.org\/{rel}","templated":true}]}}