{"id":496,"date":"2023-05-07T17:07:29","date_gmt":"2023-05-07T17:07:29","guid":{"rendered":"https:\/\/agiletalentco.net\/?page_id=496"},"modified":"2025-04-03T03:11:31","modified_gmt":"2025-04-03T03:11:31","slug":"industries","status":"publish","type":"page","link":"https:\/\/agiletalentco.net\/en\/industries\/","title":{"rendered":"Industries"},"content":{"rendered":"<div data-elementor-type=\"wp-page\" data-elementor-id=\"496\" class=\"elementor elementor-496\" data-elementor-post-type=\"page\">\n\t\t\t\t\t\t<section class=\"elementor-section elementor-top-section elementor-element elementor-element-79ce3041 elementor-section-boxed elementor-section-height-default elementor-section-height-default elementor-invisible\" data-id=\"79ce3041\" data-element_type=\"section\" data-settings=\"{&quot;background_background&quot;:&quot;classic&quot;,&quot;animation&quot;:&quot;fadeIn&quot;}\">\n\t\t\t\t\t\t\t<div class=\"elementor-background-overlay\"><\/div>\n\t\t\t\t\t\t\t<div class=\"elementor-container elementor-column-gap-no\">\n\t\t\t\t\t<div class=\"elementor-column elementor-col-50 elementor-top-column elementor-element elementor-element-52451c09\" data-id=\"52451c09\" data-element_type=\"column\">\n\t\t\t<div class=\"elementor-widget-wrap\">\n\t\t\t\t\t\t\t<\/div>\n\t\t<\/div>\n\t\t\t\t<div class=\"elementor-column elementor-col-50 elementor-top-column elementor-element elementor-element-15119d8f\" data-id=\"15119d8f\" data-element_type=\"column\">\n\t\t\t<div class=\"elementor-widget-wrap elementor-element-populated\">\n\t\t\t\t\t\t<div class=\"elementor-element elementor-element-6e583856 elementor-widget elementor-widget-text-editor\" data-id=\"6e583856\" data-element_type=\"widget\" data-widget_type=\"text-editor.default\">\n\t\t\t\t<div class=\"elementor-widget-container\">\n\t\t\t\t\t\t\t\t\t<p>Home - Industries<\/p>\t\t\t\t\t\t\t\t<\/div>\n\t\t\t\t<\/div>\n\t\t\t\t\t<\/div>\n\t\t<\/div>\n\t\t\t\t\t<\/div>\n\t\t<\/section>\n\t\t\t\t<section class=\"elementor-section elementor-top-section elementor-element elementor-element-3f2be265 elementor-section-boxed elementor-section-height-default elementor-section-height-default elementor-invisible\" data-id=\"3f2be265\" data-element_type=\"section\" data-settings=\"{&quot;animation&quot;:&quot;fadeIn&quot;}\">\n\t\t\t\t\t\t<div class=\"elementor-container elementor-column-gap-no\">\n\t\t\t\t\t<div class=\"elementor-column elementor-col-100 elementor-top-column elementor-element elementor-element-6c972496\" data-id=\"6c972496\" data-element_type=\"column\">\n\t\t\t<div class=\"elementor-widget-wrap elementor-element-populated\">\n\t\t\t\t\t\t<div class=\"elementor-element elementor-element-ee7e4f elementor-widget elementor-widget-elementskit-heading\" data-id=\"ee7e4f\" data-element_type=\"widget\" data-widget_type=\"elementskit-heading.default\">\n\t\t\t\t<div class=\"elementor-widget-container\">\n\t\t\t\t\t<div class=\"ekit-wid-con\" ><div class=\"ekit-heading elementskit-section-title-wraper text_right   ekit_heading_tablet-text_left   ekit_heading_mobile-\"><h1 class=\"ekit-heading--title elementskit-section-title\">At Agile Talent Company ATC we have made significant contributions in a variety of industries.<\/h1><div class=\"ekit_heading_separetor_wraper ekit_heading_elementskit-border-divider elementskit-style-long\"><div class=\"elementskit-border-divider elementskit-style-long\"><\/div><\/div><\/div><\/div>\t\t\t\t<\/div>\n\t\t\t\t<\/div>\n\t\t\t\t\t<\/div>\n\t\t<\/div>\n\t\t\t\t\t<\/div>\n\t\t<\/section>\n\t\t\t\t<section class=\"elementor-section elementor-top-section elementor-element elementor-element-d34a69e elementor-section-boxed elementor-section-height-default elementor-section-height-default elementor-invisible\" data-id=\"d34a69e\" data-element_type=\"section\" data-settings=\"{&quot;animation&quot;:&quot;fadeIn&quot;}\">\n\t\t\t\t\t\t<div class=\"elementor-container elementor-column-gap-no\">\n\t\t\t\t\t<div class=\"elementor-column elementor-col-33 elementor-top-column elementor-element elementor-element-335e5bb2\" data-id=\"335e5bb2\" data-element_type=\"column\">\n\t\t\t<div class=\"elementor-widget-wrap elementor-element-populated\">\n\t\t\t\t\t\t<div class=\"elementor-element elementor-element-386ec879 ekit-equal-height-disable elementor-widget elementor-widget-elementskit-icon-box\" data-id=\"386ec879\" data-element_type=\"widget\" data-widget_type=\"elementskit-icon-box.default\">\n\t\t\t\t<div class=\"elementor-widget-container\">\n\t\t\t\t\t<div class=\"ekit-wid-con\" >        <!-- link opening -->\n                <!-- end link opening -->\n\n        <div class=\"elementskit-infobox text-center text- icon-top-align elementor-animation-\">\n                            <div class=\"elementskit-box-header\">\n                <div class=\"elementskit-info-box-icon\">\n                    <img fetchpriority=\"high\" decoding=\"async\" width=\"354\" height=\"211\" src=\"https:\/\/agiletalentco.net\/wp-content\/uploads\/2024\/04\/TECNOLOGIA.jpg\" class=\"attachment- size-\" alt=\"\" srcset=\"https:\/\/agiletalentco.net\/wp-content\/uploads\/2024\/04\/TECNOLOGIA.jpg 354w, https:\/\/agiletalentco.net\/wp-content\/uploads\/2024\/04\/TECNOLOGIA-300x179.jpg 300w, https:\/\/agiletalentco.net\/wp-content\/uploads\/2024\/04\/TECNOLOGIA-18x12.jpg 18w\" sizes=\"(max-width: 354px) 100vw, 354px\" \/>                <\/div>\n          <\/div>\n                <div class=\"box-body\">\n                            <h2 class=\"elementskit-info-box-title\">\n                    Technology                <\/h2>\n                        \t\t  \t<p>We have supported national and international technology companies in the search and selection of specialized talents in areas such as: <br><br>\n\n- Software development<br>\n- Artificial intelligence<br>\n- Cybersecurity<br>\n- The cloud<br><br>\nIn addition, we have offered human resources consulting services for technology companies, helping them to optimize their talent recruitment and retention processes.\n<\/p>\n                                        <div class=\"box-footer disable_hover_button\">\n                    <div class=\"btn-wraper\">\n                                                            <a >\n                                                                                                                    <\/a>\n                                                        <\/div>\n                <\/div>\n                    <\/div>\n        \n        \n                <\/div>\n        <\/div>\t\t\t\t<\/div>\n\t\t\t\t<\/div>\n\t\t\t\t\t<\/div>\n\t\t<\/div>\n\t\t\t\t<div class=\"elementor-column elementor-col-33 elementor-top-column elementor-element elementor-element-59d75383\" data-id=\"59d75383\" data-element_type=\"column\">\n\t\t\t<div class=\"elementor-widget-wrap elementor-element-populated\">\n\t\t\t\t\t\t<div class=\"elementor-element elementor-element-3d2e5c20 ekit-equal-height-disable elementor-widget elementor-widget-elementskit-icon-box\" data-id=\"3d2e5c20\" data-element_type=\"widget\" data-widget_type=\"elementskit-icon-box.default\">\n\t\t\t\t<div class=\"elementor-widget-container\">\n\t\t\t\t\t<div class=\"ekit-wid-con\" >        <!-- link opening -->\n                <!-- end link opening -->\n\n        <div class=\"elementskit-infobox text-center text- icon-top-align elementor-animation-\">\n                            <div class=\"elementskit-box-header\">\n                <div class=\"elementskit-info-box-icon\">\n                    <img decoding=\"async\" width=\"354\" height=\"211\" src=\"https:\/\/agiletalentco.net\/wp-content\/uploads\/2024\/04\/Finanzas.jpg\" class=\"attachment- size-\" alt=\"\" srcset=\"https:\/\/agiletalentco.net\/wp-content\/uploads\/2024\/04\/Finanzas.jpg 354w, https:\/\/agiletalentco.net\/wp-content\/uploads\/2024\/04\/Finanzas-300x179.jpg 300w, https:\/\/agiletalentco.net\/wp-content\/uploads\/2024\/04\/Finanzas-18x12.jpg 18w\" sizes=\"(max-width: 354px) 100vw, 354px\" \/>                <\/div>\n          <\/div>\n                <div class=\"box-body\">\n                            <h2 class=\"elementskit-info-box-title\">\n                    Finance                <\/h2>\n                        \t\t  \t<p>We have provided human resources solutions for companies in the financial sector, both in Costa Rica and in other countries in the region. In this sector, we have supported in:<br><br>\n- The selection and recruitment of professionals<br><br>\n- Training in areas such as banking and corporate finance<br><br>\n- Administration of accounting, auditing and risk management.<br>\n<\/p>\n                                        <div class=\"box-footer disable_hover_button\">\n                    <div class=\"btn-wraper\">\n                                                            <a >\n                                                                                                                    <\/a>\n                                                        <\/div>\n                <\/div>\n                    <\/div>\n        \n        \n                <\/div>\n        <\/div>\t\t\t\t<\/div>\n\t\t\t\t<\/div>\n\t\t\t\t\t<\/div>\n\t\t<\/div>\n\t\t\t\t<div class=\"elementor-column elementor-col-33 elementor-top-column elementor-element elementor-element-b166ce1\" data-id=\"b166ce1\" data-element_type=\"column\">\n\t\t\t<div class=\"elementor-widget-wrap elementor-element-populated\">\n\t\t\t\t\t\t<div class=\"elementor-element elementor-element-bbf92a4 ekit-equal-height-disable elementor-widget elementor-widget-elementskit-icon-box\" data-id=\"bbf92a4\" data-element_type=\"widget\" data-widget_type=\"elementskit-icon-box.default\">\n\t\t\t\t<div class=\"elementor-widget-container\">\n\t\t\t\t\t<div class=\"ekit-wid-con\" >        <!-- link opening -->\n                <!-- end link opening -->\n\n        <div class=\"elementskit-infobox text-center text- icon-top-align elementor-animation-\">\n                            <div class=\"elementskit-box-header\">\n                <div class=\"elementskit-info-box-icon\">\n                    <img decoding=\"async\" width=\"354\" height=\"211\" src=\"https:\/\/agiletalentco.net\/wp-content\/uploads\/2024\/04\/servicios.jpg\" class=\"attachment- size-\" alt=\"\" srcset=\"https:\/\/agiletalentco.net\/wp-content\/uploads\/2024\/04\/servicios.jpg 354w, https:\/\/agiletalentco.net\/wp-content\/uploads\/2024\/04\/servicios-300x179.jpg 300w, https:\/\/agiletalentco.net\/wp-content\/uploads\/2024\/04\/servicios-18x12.jpg 18w\" sizes=\"(max-width: 354px) 100vw, 354px\" \/>                <\/div>\n          <\/div>\n                <div class=\"box-body\">\n                            <h2 class=\"elementskit-info-box-title\">\n                    Services                <\/h2>\n                        \t\t  \t<p>In the service industry, we have provided human resources solutions to companies in different sectors:<br>\n- Tourism<br>\n- Hospitality<br>\n- Health<br>\n- Transportation<br>\n- Logistics<br><br>\nIn this industry, we have focused on recruiting highly skilled personnel in areas such as customer service, project management, strategic planning and operations management.<\/p>\n                                        <div class=\"box-footer disable_hover_button\">\n                    <div class=\"btn-wraper\">\n                                                            <a >\n                                                                                                                    <\/a>\n                                                        <\/div>\n                <\/div>\n                    <\/div>\n        \n        \n                <\/div>\n        <\/div>\t\t\t\t<\/div>\n\t\t\t\t<\/div>\n\t\t\t\t\t<\/div>\n\t\t<\/div>\n\t\t\t\t\t<\/div>\n\t\t<\/section>\n\t\t\t\t<section class=\"elementor-section elementor-top-section elementor-element elementor-element-e15d218 elementor-section-boxed elementor-section-height-default elementor-section-height-default elementor-invisible\" data-id=\"e15d218\" data-element_type=\"section\" data-settings=\"{&quot;animation&quot;:&quot;fadeIn&quot;}\">\n\t\t\t\t\t\t<div class=\"elementor-container elementor-column-gap-no\">\n\t\t\t\t\t<div class=\"elementor-column elementor-col-50 elementor-top-column elementor-element elementor-element-780fc80\" data-id=\"780fc80\" data-element_type=\"column\">\n\t\t\t<div class=\"elementor-widget-wrap elementor-element-populated\">\n\t\t\t\t\t\t<div class=\"elementor-element elementor-element-17cc5f1 ekit-equal-height-disable elementor-widget elementor-widget-elementskit-icon-box\" data-id=\"17cc5f1\" data-element_type=\"widget\" data-widget_type=\"elementskit-icon-box.default\">\n\t\t\t\t<div class=\"elementor-widget-container\">\n\t\t\t\t\t<div class=\"ekit-wid-con\" >        <!-- link opening -->\n                <!-- end link opening -->\n\n        <div class=\"elementskit-infobox text-center text- icon-top-align elementor-animation-\">\n                            <div class=\"elementskit-box-header\">\n                <div class=\"elementskit-info-box-icon\">\n                    <img loading=\"lazy\" decoding=\"async\" width=\"354\" height=\"211\" src=\"https:\/\/agiletalentco.net\/wp-content\/uploads\/2024\/04\/manufactura.jpg\" class=\"attachment- size-\" alt=\"\" srcset=\"https:\/\/agiletalentco.net\/wp-content\/uploads\/2024\/04\/manufactura.jpg 354w, https:\/\/agiletalentco.net\/wp-content\/uploads\/2024\/04\/manufactura-300x179.jpg 300w, https:\/\/agiletalentco.net\/wp-content\/uploads\/2024\/04\/manufactura-18x12.jpg 18w\" sizes=\"(max-width: 354px) 100vw, 354px\" \/>                <\/div>\n          <\/div>\n                <div class=\"box-body\">\n                            <h2 class=\"elementskit-info-box-title\">\n                    Manufacturing                <\/h2>\n                        \t\t  \t<p>In the manufacturing sector, we have provided human resources solutions to companies in different sub-sectors.<br>\n- Food<br>\n- Pharmacist<br>\n- Consumer products<br>\n- Industrial <br><br>\nIn this industry, we have selected highly trained personnel in areas such as engineering, production, quality, logistics and industrial safety.\n<\/p>\n                                        <div class=\"box-footer disable_hover_button\">\n                    <div class=\"btn-wraper\">\n                                                            <a >\n                                                                                                                    <\/a>\n                                                        <\/div>\n                <\/div>\n                    <\/div>\n        \n        \n                <\/div>\n        <\/div>\t\t\t\t<\/div>\n\t\t\t\t<\/div>\n\t\t\t\t\t<\/div>\n\t\t<\/div>\n\t\t\t\t<div class=\"elementor-column elementor-col-50 elementor-top-column elementor-element elementor-element-986e6de\" data-id=\"986e6de\" data-element_type=\"column\">\n\t\t\t<div class=\"elementor-widget-wrap\">\n\t\t\t\t\t\t\t<\/div>\n\t\t<\/div>\n\t\t\t\t\t<\/div>\n\t\t<\/section>\n\t\t\t\t<\/div>","protected":false},"excerpt":{"rendered":"<p>Inicio &#8211; Industrias En Agile Talent Company ATC hemos brindado contribuciones importantes en diversas industrias. Tecnolog\u00eda Hemos apoyado a empresas de tecnolog\u00eda a nivel nacional e internacional en la b\u00fasqueda y selecci\u00f3n de talentos especializados en \u00e1reas como: \u2022 El desarrollo de software \u2022 La inteligencia artificial \u2022 La ciberseguridad \u2022 La nube Adem\u00e1s, hemos [&hellip;]<\/p>","protected":false},"author":4,"featured_media":0,"parent":0,"menu_order":0,"comment_status":"closed","ping_status":"closed","template":"","meta":{"footnotes":""},"class_list":["post-496","page","type-page","status-publish","hentry"],"_links":{"self":[{"href":"https:\/\/agiletalentco.net\/en\/wp-json\/wp\/v2\/pages\/496","targetHints":{"allow":["GET"]}}],"collection":[{"href":"https:\/\/agiletalentco.net\/en\/wp-json\/wp\/v2\/pages"}],"about":[{"href":"https:\/\/agiletalentco.net\/en\/wp-json\/wp\/v2\/types\/page"}],"author":[{"embeddable":true,"href":"https:\/\/agiletalentco.net\/en\/wp-json\/wp\/v2\/users\/4"}],"replies":[{"embeddable":true,"href":"https:\/\/agiletalentco.net\/en\/wp-json\/wp\/v2\/comments?post=496"}],"version-history":[{"count":69,"href":"https:\/\/agiletalentco.net\/en\/wp-json\/wp\/v2\/pages\/496\/revisions"}],"predecessor-version":[{"id":2092,"href":"https:\/\/agiletalentco.net\/en\/wp-json\/wp\/v2\/pages\/496\/revisions\/2092"}],"wp:attachment":[{"href":"https:\/\/agiletalentco.net\/en\/wp-json\/wp\/v2\/media?parent=496"}],"curies":[{"name":"wp","href":"https:\/\/api.w.org\/{rel}","templated":true}]}}