{"id":2252,"date":"2026-01-16T23:06:29","date_gmt":"2026-01-16T23:06:29","guid":{"rendered":"https:\/\/agiletalentco.net\/?page_id=2252"},"modified":"2026-01-19T17:30:11","modified_gmt":"2026-01-19T17:30:11","slug":"servicios-de-outsourcing-contable-y-administrativo","status":"publish","type":"page","link":"https:\/\/agiletalentco.net\/en\/servicios-de-outsourcing-contable-y-administrativo\/","title":{"rendered":"Accounting and Administrative Outsourcing Services"},"content":{"rendered":"<div data-elementor-type=\"wp-page\" data-elementor-id=\"2252\" class=\"elementor elementor-2252\" data-elementor-post-type=\"page\">\n\t\t\t\t\t\t<section class=\"elementor-section elementor-top-section elementor-element elementor-element-2b72debb elementor-section-boxed elementor-section-height-default elementor-section-height-default elementor-invisible\" data-id=\"2b72debb\" data-element_type=\"section\" data-settings=\"{&quot;background_background&quot;:&quot;classic&quot;,&quot;animation&quot;:&quot;fadeIn&quot;}\">\n\t\t\t\t\t\t\t<div class=\"elementor-background-overlay\"><\/div>\n\t\t\t\t\t\t\t<div class=\"elementor-container elementor-column-gap-no\">\n\t\t\t\t\t<div class=\"elementor-column elementor-col-100 elementor-top-column elementor-element elementor-element-195fe42e\" data-id=\"195fe42e\" data-element_type=\"column\">\n\t\t\t<div class=\"elementor-widget-wrap elementor-element-populated\">\n\t\t\t\t\t\t<div class=\"elementor-element elementor-element-437e0450 elementor-widget elementor-widget-elementskit-heading\" data-id=\"437e0450\" data-element_type=\"widget\" data-widget_type=\"elementskit-heading.default\">\n\t\t\t\t<div class=\"elementor-widget-container\">\n\t\t\t\t\t<div class=\"ekit-wid-con\" ><div class=\"ekit-heading elementskit-section-title-wraper text_center   ekit_heading_tablet-   ekit_heading_mobile-\"><h1 class=\"ekit-heading--title elementskit-section-title\">Accounting and Administrative Outsourcing Services<\/h1><h2 class=\"ekit-heading--subtitle elementskit-section-subtitle\">\n\t\t\t\t\t\tServices\n\t\t\t\t\t<\/h2><\/div><\/div>\t\t\t\t<\/div>\n\t\t\t\t<\/div>\n\t\t\t\t\t<\/div>\n\t\t<\/div>\n\t\t\t\t\t<\/div>\n\t\t<\/section>\n\t\t\t\t<section class=\"elementor-section elementor-top-section elementor-element elementor-element-422484cf elementor-section-boxed elementor-section-height-default elementor-section-height-default elementor-invisible\" data-id=\"422484cf\" data-element_type=\"section\" data-settings=\"{&quot;animation&quot;:&quot;fadeIn&quot;}\">\n\t\t\t\t\t\t\t<div class=\"elementor-background-overlay\"><\/div>\n\t\t\t\t\t\t\t<div class=\"elementor-container elementor-column-gap-no\">\n\t\t\t\t\t<div class=\"elementor-column elementor-col-100 elementor-top-column elementor-element elementor-element-50d387f1\" data-id=\"50d387f1\" data-element_type=\"column\">\n\t\t\t<div class=\"elementor-widget-wrap elementor-element-populated\">\n\t\t\t\t\t\t<div class=\"elementor-element elementor-element-9ad10e3 elementor-widget elementor-widget-text-editor\" data-id=\"9ad10e3\" data-element_type=\"widget\" data-widget_type=\"text-editor.default\">\n\t\t\t\t<div class=\"elementor-widget-container\">\n\t\t\t\t\t\t\t\t\t<p class=\"translation-block\">We provide <strong>professional accounting and administrative outsourcing solutions<\/strong> for international companies seeking operational efficiency, continuity, and control over their financial and information processes.<\/p><p>Our services are designed to integrate seamlessly into our clients\u2019 internal structures, operating under defined processes, high confidentiality standards, and a results-oriented approach.<\/p>\t\t\t\t\t\t\t\t<\/div>\n\t\t\t\t<\/div>\n\t\t\t\t\t<\/div>\n\t\t<\/div>\n\t\t\t\t\t<\/div>\n\t\t<\/section>\n\t\t\t\t<section class=\"elementor-section elementor-top-section elementor-element elementor-element-81e4c4d elementor-section-content-middle elementor-section-full_width elementor-section-height-default elementor-section-height-default\" data-id=\"81e4c4d\" data-element_type=\"section\" data-settings=\"{&quot;background_background&quot;:&quot;classic&quot;}\">\n\t\t\t\t\t\t<div class=\"elementor-container elementor-column-gap-no\">\n\t\t\t\t\t<div class=\"elementor-column elementor-col-100 elementor-top-column elementor-element elementor-element-547a3da\" data-id=\"547a3da\" data-element_type=\"column\" data-settings=\"{&quot;background_background&quot;:&quot;slideshow&quot;,&quot;background_slideshow_gallery&quot;:[],&quot;background_slideshow_loop&quot;:&quot;yes&quot;,&quot;background_slideshow_slide_duration&quot;:5000,&quot;background_slideshow_slide_transition&quot;:&quot;fade&quot;,&quot;background_slideshow_transition_duration&quot;:500}\">\n\t\t\t<div class=\"elementor-widget-wrap\">\n\t\t\t\t\t\t\t<\/div>\n\t\t<\/div>\n\t\t\t\t\t<\/div>\n\t\t<\/section>\n\t\t\t\t<section class=\"elementor-section elementor-top-section elementor-element elementor-element-18f5c07 elementor-section-content-middle elementor-section-boxed elementor-section-height-default elementor-section-height-default\" data-id=\"18f5c07\" data-element_type=\"section\">\n\t\t\t\t\t\t<div class=\"elementor-container elementor-column-gap-no\">\n\t\t\t\t\t<div class=\"elementor-column elementor-col-100 elementor-top-column elementor-element elementor-element-ccc7138\" data-id=\"ccc7138\" data-element_type=\"column\">\n\t\t\t<div class=\"elementor-widget-wrap elementor-element-populated\">\n\t\t\t\t\t\t<div class=\"elementor-element elementor-element-48e8cb3 elementor-widget elementor-widget-heading\" data-id=\"48e8cb3\" data-element_type=\"widget\" data-widget_type=\"heading.default\">\n\t\t\t\t<div class=\"elementor-widget-container\">\n\t\t\t\t\t<h2 class=\"elementor-heading-title elementor-size-default\">Our services<\/h2>\t\t\t\t<\/div>\n\t\t\t\t<\/div>\n\t\t\t\t<section class=\"elementor-section elementor-inner-section elementor-element elementor-element-b6d4726 elementor-section-boxed elementor-section-height-default elementor-section-height-default\" data-id=\"b6d4726\" data-element_type=\"section\">\n\t\t\t\t\t\t<div class=\"elementor-container elementor-column-gap-default\">\n\t\t\t\t\t<div class=\"elementor-column elementor-col-50 elementor-inner-column elementor-element elementor-element-6779e9e\" data-id=\"6779e9e\" data-element_type=\"column\">\n\t\t\t<div class=\"elementor-widget-wrap elementor-element-populated\">\n\t\t\t\t\t\t<div class=\"elementor-element elementor-element-bfe0f98 elementor-widget elementor-widget-elementskit-heading\" data-id=\"bfe0f98\" data-element_type=\"widget\" data-widget_type=\"elementskit-heading.default\">\n\t\t\t\t<div class=\"elementor-widget-container\">\n\t\t\t\t\t<div class=\"ekit-wid-con\" ><div class=\"ekit-heading elementskit-section-title-wraper text_left   ekit_heading_tablet-text_left   ekit_heading_mobile-\"><h2 class=\"ekit-heading--title elementskit-section-title\">Accounting Outsourcing<\/h2><div class=\"ekit_heading_separetor_wraper ekit_heading_elementskit-border-divider elementskit-style-long\"><div class=\"elementskit-border-divider elementskit-style-long\"><\/div><\/div><\/div><\/div>\t\t\t\t<\/div>\n\t\t\t\t<\/div>\n\t\t\t\t<div class=\"elementor-element elementor-element-bd04c0e elementor-widget elementor-widget-text-editor\" data-id=\"bd04c0e\" data-element_type=\"widget\" data-widget_type=\"text-editor.default\">\n\t\t\t\t<div class=\"elementor-widget-container\">\n\t\t\t\t\t\t\t\t\t<p>We offer accounting support services, either comprehensive or partial, according to the operational needs of each organization.<br \/><br \/><strong>Scope of service:<\/strong><\/p><ul><li>Accounting record of financial transactions<\/li><li>Support for accounts payable and accounts receivable<\/li><li>Bank reconciliations<\/li><li>Support in the preparation of financial reports<\/li><li>Assistance in monthly closing processes<\/li><li>Organization of accounting documentation<\/li><li>Support for internal and external audits<br \/><br \/><\/li><\/ul><p>Services are provided based on the information and accounting policies defined by the client.<\/p>\t\t\t\t\t\t\t\t<\/div>\n\t\t\t\t<\/div>\n\t\t\t\t<div class=\"elementor-element elementor-element-199e796 elementor-widget elementor-widget-elementskit-heading\" data-id=\"199e796\" data-element_type=\"widget\" data-widget_type=\"elementskit-heading.default\">\n\t\t\t\t<div class=\"elementor-widget-container\">\n\t\t\t\t\t<div class=\"ekit-wid-con\" ><div class=\"ekit-heading elementskit-section-title-wraper text_left   ekit_heading_tablet-text_left   ekit_heading_mobile-\"><h1 class=\"ekit-heading--title elementskit-section-title\">Transaction Entry and Accounting Records<\/h1><div class=\"ekit_heading_separetor_wraper ekit_heading_elementskit-border-divider elementskit-style-long\"><div class=\"elementskit-border-divider elementskit-style-long\"><\/div><\/div><\/div><\/div>\t\t\t\t<\/div>\n\t\t\t\t<\/div>\n\t\t\t\t<div class=\"elementor-element elementor-element-9fa4cc7 elementor-widget elementor-widget-text-editor\" data-id=\"9fa4cc7\" data-element_type=\"widget\" data-widget_type=\"text-editor.default\">\n\t\t\t\t<div class=\"elementor-widget-container\">\n\t\t\t\t\t\t\t\t\t<p>A specialized operational service focused on the accurate and timely recording of financial transactions in the client\u2019s systems. <strong>registro preciso y oportuno de transacciones financieras<\/strong> en los sistemas del cliente.<\/p><p><strong>Includes:<\/strong><\/p><ul><li>Entry of purchase and sales invoices<\/li><li>Recording of income, expenses, and disbursements<\/li><li>Uploading of bank transactions<\/li><li>Recording of accounting vouchers<\/li><li>Classification according to the client\u2019s chart of accounts<\/li><li>Data entry into ERP or accounting systems<\/li><\/ul><p>This service does not include accounting analysis or tax validation unless expressly agreed.<\/p>\t\t\t\t\t\t\t\t<\/div>\n\t\t\t\t<\/div>\n\t\t\t\t<div class=\"elementor-element elementor-element-a0a1ae4 elementor-widget elementor-widget-elementskit-heading\" data-id=\"a0a1ae4\" data-element_type=\"widget\" data-widget_type=\"elementskit-heading.default\">\n\t\t\t\t<div class=\"elementor-widget-container\">\n\t\t\t\t\t<div class=\"ekit-wid-con\" ><div class=\"ekit-heading elementskit-section-title-wraper text_left   ekit_heading_tablet-text_left   ekit_heading_mobile-\"><h1 class=\"ekit-heading--title elementskit-section-title\">Digitalization and Document Management<\/h1><div class=\"ekit_heading_separetor_wraper ekit_heading_elementskit-border-divider elementskit-style-long\"><div class=\"elementskit-border-divider elementskit-style-long\"><\/div><\/div><\/div><\/div>\t\t\t\t<\/div>\n\t\t\t\t<\/div>\n\t\t\t\t<div class=\"elementor-element elementor-element-c41b53f elementor-widget elementor-widget-text-editor\" data-id=\"c41b53f\" data-element_type=\"widget\" data-widget_type=\"text-editor.default\">\n\t\t\t\t<div class=\"elementor-widget-container\">\n\t\t\t\t\t\t\t\t\t<p class=\"translation-block\">We support organizations in converting physical documentation into organized, secure, and traceable digital formats.<\/p><p><strong>Includes:<\/strong><\/p><ul><li>Digitalization of accounting and administrative documents<\/li><li>Organization by period, document type, or supplier<\/li><li>Standardized file naming<\/li><li>Upload to platforms designated by the client<\/li><li>Control and safeguarding of digital documentation<\/li><\/ul><p>\u00a0<\/p>\t\t\t\t\t\t\t\t<\/div>\n\t\t\t\t<\/div>\n\t\t\t\t\t<\/div>\n\t\t<\/div>\n\t\t\t\t<div class=\"elementor-column elementor-col-50 elementor-inner-column elementor-element elementor-element-4ba2dda\" data-id=\"4ba2dda\" data-element_type=\"column\">\n\t\t\t<div class=\"elementor-widget-wrap elementor-element-populated\">\n\t\t\t\t\t\t<div class=\"elementor-element elementor-element-9b96231 elementor-widget elementor-widget-elementskit-heading\" data-id=\"9b96231\" data-element_type=\"widget\" data-widget_type=\"elementskit-heading.default\">\n\t\t\t\t<div class=\"elementor-widget-container\">\n\t\t\t\t\t<div class=\"ekit-wid-con\" ><div class=\"ekit-heading elementskit-section-title-wraper text_left   ekit_heading_tablet-text_left   ekit_heading_mobile-\"><h1 class=\"ekit-heading--title elementskit-section-title\">Data Entry Services<\/h1><div class=\"ekit_heading_separetor_wraper ekit_heading_elementskit-border-divider elementskit-style-long\"><div class=\"elementskit-border-divider elementskit-style-long\"><\/div><\/div><\/div><\/div>\t\t\t\t<\/div>\n\t\t\t\t<\/div>\n\t\t\t\t<div class=\"elementor-element elementor-element-4d52453 elementor-widget elementor-widget-text-editor\" data-id=\"4d52453\" data-element_type=\"widget\" data-widget_type=\"text-editor.default\">\n\t\t\t\t<div class=\"elementor-widget-container\">\n\t\t\t\t\t\t\t\t\t<p class=\"translation-block\">Reliable solutions for capturing, updating, and organizing operational, administrative, or financial information.<\/p><p><strong>Includes:<\/strong><\/p><ul><li>Data entry into client systems<\/li><li>Database updating and maintenance<\/li><li>Information migration between platforms<\/li><li>Data standardization and cleansing<\/li><li>Basic integrity and consistency controls<br \/><br \/><\/li><\/ul>\t\t\t\t\t\t\t\t<\/div>\n\t\t\t\t<\/div>\n\t\t\t\t<div class=\"elementor-element elementor-element-0817d1b elementor-widget elementor-widget-elementskit-heading\" data-id=\"0817d1b\" data-element_type=\"widget\" data-widget_type=\"elementskit-heading.default\">\n\t\t\t\t<div class=\"elementor-widget-container\">\n\t\t\t\t\t<div class=\"ekit-wid-con\" ><div class=\"ekit-heading elementskit-section-title-wraper text_left   ekit_heading_tablet-text_left   ekit_heading_mobile-\"><h1 class=\"ekit-heading--title elementskit-section-title\">International Service Model<\/h1><div class=\"ekit_heading_separetor_wraper ekit_heading_elementskit-border-divider elementskit-style-long\"><div class=\"elementskit-border-divider elementskit-style-long\"><\/div><\/div><\/div><\/div>\t\t\t\t<\/div>\n\t\t\t\t<\/div>\n\t\t\t\t<div class=\"elementor-element elementor-element-104ccaa elementor-widget elementor-widget-text-editor\" data-id=\"104ccaa\" data-element_type=\"widget\" data-widget_type=\"text-editor.default\">\n\t\t\t\t<div class=\"elementor-widget-container\">\n\t\t\t\t\t\t\t\t\t<p class=\"translation-block\">We provide services to companies outside Costa Rica, operating under a nearshore outsourcing model that enables efficiency, scalability, and alignment with international standards.<\/p><p><strong>We adapt to:<\/strong><\/p><ul><li>Different time zones<\/li><li>Communication in Spanish and English<\/li><li>International platforms and systems<\/li><li>Processes and controls defined by headquarters<\/li><\/ul>\t\t\t\t\t\t\t\t<\/div>\n\t\t\t\t<\/div>\n\t\t\t\t<div class=\"elementor-element elementor-element-d9a8a18 elementor-widget elementor-widget-elementskit-heading\" data-id=\"d9a8a18\" data-element_type=\"widget\" data-widget_type=\"elementskit-heading.default\">\n\t\t\t\t<div class=\"elementor-widget-container\">\n\t\t\t\t\t<div class=\"ekit-wid-con\" ><div class=\"ekit-heading elementskit-section-title-wraper text_left   ekit_heading_tablet-text_left   ekit_heading_mobile-\"><h1 class=\"ekit-heading--title elementskit-section-title\">Governance, Confidentiality, and Controls<\/h1><div class=\"ekit_heading_separetor_wraper ekit_heading_elementskit-border-divider elementskit-style-long\"><div class=\"elementskit-border-divider elementskit-style-long\"><\/div><\/div><\/div><\/div>\t\t\t\t<\/div>\n\t\t\t\t<\/div>\n\t\t\t\t<div class=\"elementor-element elementor-element-8c296a8 elementor-widget elementor-widget-text-editor\" data-id=\"8c296a8\" data-element_type=\"widget\" data-widget_type=\"text-editor.default\">\n\t\t\t\t<div class=\"elementor-widget-container\">\n\t\t\t\t\t\t\t\t\t<ul><li>Confidential handling of sensitive information<\/li><li>Non-Disclosure Agreements (NDA)<\/li><li>Documented operational procedures<\/li><li>Segregation of duties between processing and review<\/li><li>ability and backup of processed information<\/li><\/ul>\t\t\t\t\t\t\t\t<\/div>\n\t\t\t\t<\/div>\n\t\t\t\t<div class=\"elementor-element elementor-element-95fee58 elementor-widget elementor-widget-elementskit-heading\" data-id=\"95fee58\" data-element_type=\"widget\" data-widget_type=\"elementskit-heading.default\">\n\t\t\t\t<div class=\"elementor-widget-container\">\n\t\t\t\t\t<div class=\"ekit-wid-con\" ><div class=\"ekit-heading elementskit-section-title-wraper text_left   ekit_heading_tablet-text_left   ekit_heading_mobile-\"><h1 class=\"ekit-heading--title elementskit-section-title\">Engagement Models<\/h1><div class=\"ekit_heading_separetor_wraper ekit_heading_elementskit-border-divider elementskit-style-long\"><div class=\"elementskit-border-divider elementskit-style-long\"><\/div><\/div><\/div><\/div>\t\t\t\t<\/div>\n\t\t\t\t<\/div>\n\t\t\t\t<div class=\"elementor-element elementor-element-9edbcf0 elementor-widget elementor-widget-text-editor\" data-id=\"9edbcf0\" data-element_type=\"widget\" data-widget_type=\"text-editor.default\">\n\t\t\t\t<div class=\"elementor-widget-container\">\n\t\t\t\t\t\t\t\t\t<ul><li>Monthly packages<\/li><li>Volume-based services<\/li><li>Hourly support<\/li><li>Customized schemes according to client operations<br \/><br \/><\/li><\/ul><p><strong>Contact us<\/strong><\/p><p>We partner with companies seeking a reliable ally for the management of their accounting and administrative processes.<\/p>\t\t\t\t\t\t\t\t<\/div>\n\t\t\t\t<\/div>\n\t\t\t\t\t<\/div>\n\t\t<\/div>\n\t\t\t\t\t<\/div>\n\t\t<\/section>\n\t\t\t\t\t<\/div>\n\t\t<\/div>\n\t\t\t\t\t<\/div>\n\t\t<\/section>\n\t\t\t\t<\/div>","protected":false},"excerpt":{"rendered":"<p>Servicios de Outsourcing Contable y Administrativo Servicios Brindamos soluciones profesionales de outsourcing contable y administrativo para empresas internacionales que buscan eficiencia operativa, continuidad y control en sus procesos financieros y de informaci\u00f3n. Nuestros servicios est\u00e1n dise\u00f1ados para integrarse a las estructuras internas de nuestros clientes, bajo procesos definidos, altos est\u00e1ndares de confidencialidad y un enfoque [&hellip;]<\/p>","protected":false},"author":4,"featured_media":0,"parent":0,"menu_order":0,"comment_status":"closed","ping_status":"closed","template":"elementor_header_footer","meta":{"footnotes":""},"class_list":["post-2252","page","type-page","status-publish","hentry"],"_links":{"self":[{"href":"https:\/\/agiletalentco.net\/en\/wp-json\/wp\/v2\/pages\/2252","targetHints":{"allow":["GET"]}}],"collection":[{"href":"https:\/\/agiletalentco.net\/en\/wp-json\/wp\/v2\/pages"}],"about":[{"href":"https:\/\/agiletalentco.net\/en\/wp-json\/wp\/v2\/types\/page"}],"author":[{"embeddable":true,"href":"https:\/\/agiletalentco.net\/en\/wp-json\/wp\/v2\/users\/4"}],"replies":[{"embeddable":true,"href":"https:\/\/agiletalentco.net\/en\/wp-json\/wp\/v2\/comments?post=2252"}],"version-history":[{"count":17,"href":"https:\/\/agiletalentco.net\/en\/wp-json\/wp\/v2\/pages\/2252\/revisions"}],"predecessor-version":[{"id":2283,"href":"https:\/\/agiletalentco.net\/en\/wp-json\/wp\/v2\/pages\/2252\/revisions\/2283"}],"wp:attachment":[{"href":"https:\/\/agiletalentco.net\/en\/wp-json\/wp\/v2\/media?parent=2252"}],"curies":[{"name":"wp","href":"https:\/\/api.w.org\/{rel}","templated":true}]}}