{"id":1833,"date":"2024-07-10T03:56:46","date_gmt":"2024-07-10T03:56:46","guid":{"rendered":"https:\/\/agiletalentco.net\/?page_id=1833"},"modified":"2024-07-10T19:44:58","modified_gmt":"2024-07-10T19:44:58","slug":"senior-golang-developer","status":"publish","type":"page","link":"https:\/\/agiletalentco.net\/en\/senior-golang-developer\/","title":{"rendered":"Senior Golang Developer"},"content":{"rendered":"<div data-elementor-type=\"wp-page\" data-elementor-id=\"1833\" class=\"elementor elementor-1833\" data-elementor-post-type=\"page\">\n\t\t\t\t\t\t<section class=\"elementor-section elementor-top-section elementor-element elementor-element-1784c51 elementor-section-boxed elementor-section-height-default elementor-section-height-default elementor-invisible\" data-id=\"1784c51\" data-element_type=\"section\" data-settings=\"{&quot;background_background&quot;:&quot;classic&quot;,&quot;animation&quot;:&quot;fadeIn&quot;}\">\n\t\t\t\t\t\t\t<div class=\"elementor-background-overlay\"><\/div>\n\t\t\t\t\t\t\t<div class=\"elementor-container elementor-column-gap-no\">\n\t\t\t\t\t<div class=\"elementor-column elementor-col-50 elementor-top-column elementor-element elementor-element-6a29e7d\" data-id=\"6a29e7d\" data-element_type=\"column\">\n\t\t\t<div class=\"elementor-widget-wrap\">\n\t\t\t\t\t\t\t<\/div>\n\t\t<\/div>\n\t\t\t\t<div class=\"elementor-column elementor-col-50 elementor-top-column elementor-element elementor-element-0614fe9\" data-id=\"0614fe9\" data-element_type=\"column\">\n\t\t\t<div class=\"elementor-widget-wrap elementor-element-populated\">\n\t\t\t\t\t\t<div class=\"elementor-element elementor-element-a9ffa97 elementor-widget elementor-widget-text-editor\" data-id=\"a9ffa97\" data-element_type=\"widget\" data-widget_type=\"text-editor.default\">\n\t\t\t\t<div class=\"elementor-widget-container\">\n\t\t\t\t\t\t\t\t\t<p>Inicio \u2013 Senior Golang Developer <\/p>\t\t\t\t\t\t\t\t<\/div>\n\t\t\t\t<\/div>\n\t\t\t\t\t<\/div>\n\t\t<\/div>\n\t\t\t\t\t<\/div>\n\t\t<\/section>\n\t\t\t\t<section class=\"elementor-section elementor-top-section elementor-element elementor-element-8b50210 elementor-section-boxed elementor-section-height-default elementor-section-height-default elementor-invisible\" data-id=\"8b50210\" data-element_type=\"section\" data-settings=\"{&quot;animation&quot;:&quot;fadeIn&quot;,&quot;background_background&quot;:&quot;classic&quot;}\">\n\t\t\t\t\t\t<div class=\"elementor-container elementor-column-gap-no\">\n\t\t\t\t\t<div class=\"elementor-column elementor-col-50 elementor-top-column elementor-element elementor-element-4f16ba3\" data-id=\"4f16ba3\" data-element_type=\"column\">\n\t\t\t<div class=\"elementor-widget-wrap elementor-element-populated\">\n\t\t\t\t\t\t<div class=\"elementor-element elementor-element-47c6e87 elementor-widget elementor-widget-image\" data-id=\"47c6e87\" data-element_type=\"widget\" data-widget_type=\"image.default\">\n\t\t\t\t<div class=\"elementor-widget-container\">\n\t\t\t\t\t\t\t\t\t\t\t\t\t\t\t<img fetchpriority=\"high\" decoding=\"async\" width=\"490\" height=\"380\" src=\"https:\/\/agiletalentco.net\/wp-content\/uploads\/2024\/07\/web-golang-pic.jpg\" class=\"attachment-full size-full wp-image-1791\" alt=\"\" srcset=\"https:\/\/agiletalentco.net\/wp-content\/uploads\/2024\/07\/web-golang-pic.jpg 490w, https:\/\/agiletalentco.net\/wp-content\/uploads\/2024\/07\/web-golang-pic-300x233.jpg 300w, https:\/\/agiletalentco.net\/wp-content\/uploads\/2024\/07\/web-golang-pic-15x12.jpg 15w\" sizes=\"(max-width: 490px) 100vw, 490px\" \/>\t\t\t\t\t\t\t\t\t\t\t\t\t\t\t<\/div>\n\t\t\t\t<\/div>\n\t\t\t\t\t<\/div>\n\t\t<\/div>\n\t\t\t\t<div class=\"elementor-column elementor-col-50 elementor-top-column elementor-element elementor-element-1357fd3\" data-id=\"1357fd3\" data-element_type=\"column\">\n\t\t\t<div class=\"elementor-widget-wrap elementor-element-populated\">\n\t\t\t\t\t\t<div class=\"elementor-element elementor-element-83ba041 elementor-widget elementor-widget-elementskit-heading\" data-id=\"83ba041\" data-element_type=\"widget\" data-widget_type=\"elementskit-heading.default\">\n\t\t\t\t<div class=\"elementor-widget-container\">\n\t\t\t\t\t<div class=\"ekit-wid-con\" ><div class=\"ekit-heading elementskit-section-title-wraper text_right   ekit_heading_tablet-text_left   ekit_heading_mobile-\"><h1 class=\"ekit-heading--title elementskit-section-title\">Senior Golang Developer <\/h1><div class=\"ekit_heading_separetor_wraper ekit_heading_elementskit-border-divider elementskit-style-long\"><div class=\"elementskit-border-divider elementskit-style-long\"><\/div><\/div><\/div><\/div>\t\t\t\t<\/div>\n\t\t\t\t<\/div>\n\t\t\t\t<div class=\"elementor-element elementor-element-c9b8038 elementor-widget elementor-widget-text-editor\" data-id=\"c9b8038\" data-element_type=\"widget\" data-widget_type=\"text-editor.default\">\n\t\t\t\t<div class=\"elementor-widget-container\">\n\t\t\t\t\t\t\t\t\t<p>Our client is a B2B platform provider with innovative and leading-edge technology with a wide range of international clients. For more than 20 years has provide a selection of services to choose from, in a simple yet effective proprietary platform that has modularized components and omnichannel capabilities, all within a comprehensive tool-driven and user-friendly system. Offers clients a completely customizable solution, ready for integration with leading providers of data, streaming video, virtual and 3rd party integrations.<\/p>\t\t\t\t\t\t\t\t<\/div>\n\t\t\t\t<\/div>\n\t\t\t\t\t<\/div>\n\t\t<\/div>\n\t\t\t\t\t<\/div>\n\t\t<\/section>\n\t\t\t\t<section class=\"elementor-section elementor-top-section elementor-element elementor-element-54ff8c2 elementor-section-boxed elementor-section-height-default elementor-section-height-default elementor-invisible\" data-id=\"54ff8c2\" data-element_type=\"section\" data-settings=\"{&quot;animation&quot;:&quot;fadeIn&quot;,&quot;background_background&quot;:&quot;classic&quot;}\">\n\t\t\t\t\t\t<div class=\"elementor-container elementor-column-gap-no\">\n\t\t\t\t\t<div class=\"elementor-column elementor-col-100 elementor-top-column elementor-element elementor-element-af5b3ce\" data-id=\"af5b3ce\" data-element_type=\"column\">\n\t\t\t<div class=\"elementor-widget-wrap elementor-element-populated\">\n\t\t\t\t\t\t<div class=\"elementor-element elementor-element-04c4c29 elementor-widget elementor-widget-text-editor\" data-id=\"04c4c29\" data-element_type=\"widget\" data-widget_type=\"text-editor.default\">\n\t\t\t\t<div class=\"elementor-widget-container\">\n\t\t\t\t\t\t\t\t\t<p><span class=\"--l --r sentence_highlight\">Is based in San Jose (Costa Rica), Sofia (Bulgaria) and Belgrade (Serbia <\/span><span class=\"--l --r sentence_highlight\">As the business grows, is seeking to expand it bright and talented people who are passionate about the software industry.<\/span><\/p><p><strong>The position<\/strong><\/p><p>For the growth of company, we are looking for Senior Golang Developer to join our team (Location: Costa Rica or country with similar time zone to Costa Rica +\/- 1 hour).<\/p><p>It's a full-time position for candidates in either Latin America or Eastern Europe, willing to work with at least 3 hours of overlap with Eastern Europe office hours (check what time it is in Bulgaria, for instance, and compare to your own to see what's the difference)<\/p><p><strong>Responsibilities<\/strong><\/p><ul><li>Design and implement different parts of distributed, event driven and reliable microservice\u2019s architecture.<\/li><li>Designing and developing on NoSQL databases.<\/li><li>Designing, developing, and maintaining integrations with various internal and external applications.<\/li><li>Providing support for our application, working closely with product and account management teams<\/li><li>Work with Product Owner to translate business requirements into technical designs and then help to plan Sprints that deliver quality components and products on time<\/li><li>Assisting the Product Management group in specifying requirements into technical requirements<\/li><li>Actively participate in research, discussions and decisions on software architecture, development processes, and other standards<\/li><li>Actively participate in our Scrum process: Standups, Refinements, Planning, Retrospectives, Demos<\/li><\/ul><p><strong><br \/>Your background &amp; requirements<\/strong><\/p><ul><li>Bachelor\u2019s degree in computer science, software engineering, or equivalent experience<\/li><li>2+ years of experience with Golang<\/li><li>5+ years of experience with one of the following languages: Golang, C++, C# or Java<\/li><li>Experience with designing and\/or implementing distributed systems.<\/li><li>Experience with designing and\/or implementing microservice oriented architecture.<\/li><li>Experience with Git, NoSQL.\u00a0<\/li><li>Strong knowledge of TCP\/IP and HTTP protocol stacks.<\/li><li>Strong analytical and problem solving skills.\u00a0<\/li><li>Experience of design and implementation of RESTful web services.\u00a0<\/li><li>Experience working on Windows\/Linux environments.<\/li><li>Ability to work in team oriented environment, and can work independently<\/li><li>Strong written and verbal communication in English.<\/li><li>Advanced Knowledge of OOP\/OOD, Design patterns and SOLID<\/li><li>Experience with performance tuning of large-scale platforms.<\/li><li>Experience working in an Agile Development environment<\/li><li>You are located in either Latin America, or Eastern Europe<\/li><li>You can work EST (Eastern Time) office hours, having at least 3 hours of overlap per day with the rest of the team.<\/li><\/ul><p><strong><br \/>Nice to haves and pluses<\/strong><\/p><ul><li>\u00a0Experience with all of any of the following is considered a strong plus: RabbitMQ, Kafka, Proto buffers, gRPC, Redis, JWT, OAuth2.<\/li><li>Experience using tools such as Gitlab, SVN, Jira, Confluence, Docker.<\/li><li>A good grasp of HTML5, JavaScript \/ TypeScript Lambda expressions (LINQ), CSS, LESS, Bootstrap, SPA.<\/li><li>Experience with JavaScript is considered a plus.<\/li><li>Experience with Cassandra, CouchDB and\/or Couchbase is considered a plus.<\/li><li>Knowledge of UML or similar design languages\/methodologies.<\/li><\/ul><p><strong><br \/>Our recruitment process<\/strong><\/p><ul><li>Recruiter interview (30 min)<\/li><li>Technical test<\/li><li>Technical interview (45 min)<\/li><li>(optional) Head of Engineering interview (30 min)<\/li><\/ul><p><br \/>We strive to move efficiently from step to step so that the recruitment process can be as fast as possible.<\/p><p><strong>What we offer<\/strong><\/p><ul><li>Competitive salary. Payment in USD<\/li><li>Working with highly skilled and very experienced team.<\/li><li>Working on exciting and challenging projects.<\/li><li>Opportunity to grow and expand knowledge and skills.<\/li><\/ul>\t\t\t\t\t\t\t\t<\/div>\n\t\t\t\t<\/div>\n\t\t\t\t\t<\/div>\n\t\t<\/div>\n\t\t\t\t\t<\/div>\n\t\t<\/section>\n\t\t\t\t<\/div>","protected":false},"excerpt":{"rendered":"<p>Inicio &#8211; Desarrollador Senior Golang Desarrollador Senior Golang Nuestro cliente es un proveedor de plataformas B2B con tecnolog\u00eda innovadora y puntera que cuenta con una amplia gama de clientes internacionales. Durante m\u00e1s de 20 a\u00f1os ha proporcionado una selecci\u00f3n de servicios entre los que elegir, en una plataforma propietaria sencilla pero eficaz que cuenta con [&hellip;]<\/p>","protected":false},"author":5,"featured_media":0,"parent":0,"menu_order":0,"comment_status":"closed","ping_status":"closed","template":"elementor_header_footer","meta":{"footnotes":""},"class_list":["post-1833","page","type-page","status-publish","hentry"],"_links":{"self":[{"href":"https:\/\/agiletalentco.net\/en\/wp-json\/wp\/v2\/pages\/1833","targetHints":{"allow":["GET"]}}],"collection":[{"href":"https:\/\/agiletalentco.net\/en\/wp-json\/wp\/v2\/pages"}],"about":[{"href":"https:\/\/agiletalentco.net\/en\/wp-json\/wp\/v2\/types\/page"}],"author":[{"embeddable":true,"href":"https:\/\/agiletalentco.net\/en\/wp-json\/wp\/v2\/users\/5"}],"replies":[{"embeddable":true,"href":"https:\/\/agiletalentco.net\/en\/wp-json\/wp\/v2\/comments?post=1833"}],"version-history":[{"count":25,"href":"https:\/\/agiletalentco.net\/en\/wp-json\/wp\/v2\/pages\/1833\/revisions"}],"predecessor-version":[{"id":1893,"href":"https:\/\/agiletalentco.net\/en\/wp-json\/wp\/v2\/pages\/1833\/revisions\/1893"}],"wp:attachment":[{"href":"https:\/\/agiletalentco.net\/en\/wp-json\/wp\/v2\/media?parent=1833"}],"curies":[{"name":"wp","href":"https:\/\/api.w.org\/{rel}","templated":true}]}}