{"id":1814,"date":"2024-07-10T03:35:18","date_gmt":"2024-07-10T03:35:18","guid":{"rendered":"https:\/\/agiletalentco.net\/?page_id=1814"},"modified":"2024-07-10T19:47:58","modified_gmt":"2024-07-10T19:47:58","slug":"senior-automation-engineer","status":"publish","type":"page","link":"https:\/\/agiletalentco.net\/en\/senior-automation-engineer\/","title":{"rendered":"Senior Automation Engineer"},"content":{"rendered":"<div data-elementor-type=\"wp-page\" data-elementor-id=\"1814\" class=\"elementor elementor-1814\" data-elementor-post-type=\"page\">\n\t\t\t\t\t\t<section class=\"elementor-section elementor-top-section elementor-element elementor-element-4577a19 elementor-section-boxed elementor-section-height-default elementor-section-height-default elementor-invisible\" data-id=\"4577a19\" data-element_type=\"section\" data-settings=\"{&quot;background_background&quot;:&quot;classic&quot;,&quot;animation&quot;:&quot;fadeIn&quot;}\">\n\t\t\t\t\t\t\t<div class=\"elementor-background-overlay\"><\/div>\n\t\t\t\t\t\t\t<div class=\"elementor-container elementor-column-gap-no\">\n\t\t\t\t\t<div class=\"elementor-column elementor-col-50 elementor-top-column elementor-element elementor-element-86506d5\" data-id=\"86506d5\" data-element_type=\"column\">\n\t\t\t<div class=\"elementor-widget-wrap\">\n\t\t\t\t\t\t\t<\/div>\n\t\t<\/div>\n\t\t\t\t<div class=\"elementor-column elementor-col-50 elementor-top-column elementor-element elementor-element-8859209\" data-id=\"8859209\" data-element_type=\"column\">\n\t\t\t<div class=\"elementor-widget-wrap elementor-element-populated\">\n\t\t\t\t\t\t<div class=\"elementor-element elementor-element-6d55e3b elementor-widget elementor-widget-text-editor\" data-id=\"6d55e3b\" data-element_type=\"widget\" data-widget_type=\"text-editor.default\">\n\t\t\t\t<div class=\"elementor-widget-container\">\n\t\t\t\t\t\t\t\t\t<p>Inicio \u2013 Senior Automation Engineer <\/p>\t\t\t\t\t\t\t\t<\/div>\n\t\t\t\t<\/div>\n\t\t\t\t\t<\/div>\n\t\t<\/div>\n\t\t\t\t\t<\/div>\n\t\t<\/section>\n\t\t\t\t<section class=\"elementor-section elementor-top-section elementor-element elementor-element-f6173c1 elementor-section-boxed elementor-section-height-default elementor-section-height-default elementor-invisible\" data-id=\"f6173c1\" data-element_type=\"section\" data-settings=\"{&quot;animation&quot;:&quot;fadeIn&quot;,&quot;background_background&quot;:&quot;classic&quot;}\">\n\t\t\t\t\t\t<div class=\"elementor-container elementor-column-gap-no\">\n\t\t\t\t\t<div class=\"elementor-column elementor-col-50 elementor-top-column elementor-element elementor-element-58b41bb\" data-id=\"58b41bb\" data-element_type=\"column\">\n\t\t\t<div class=\"elementor-widget-wrap elementor-element-populated\">\n\t\t\t\t\t\t<div class=\"elementor-element elementor-element-5ac02b5 elementor-widget elementor-widget-image\" data-id=\"5ac02b5\" data-element_type=\"widget\" data-widget_type=\"image.default\">\n\t\t\t\t<div class=\"elementor-widget-container\">\n\t\t\t\t\t\t\t\t\t\t\t\t\t\t\t<img fetchpriority=\"high\" decoding=\"async\" width=\"490\" height=\"380\" src=\"https:\/\/agiletalentco.net\/wp-content\/uploads\/2024\/07\/web-automation-pic.jpg\" class=\"attachment-full size-full wp-image-1790\" alt=\"\" srcset=\"https:\/\/agiletalentco.net\/wp-content\/uploads\/2024\/07\/web-automation-pic.jpg 490w, https:\/\/agiletalentco.net\/wp-content\/uploads\/2024\/07\/web-automation-pic-300x233.jpg 300w, https:\/\/agiletalentco.net\/wp-content\/uploads\/2024\/07\/web-automation-pic-15x12.jpg 15w\" sizes=\"(max-width: 490px) 100vw, 490px\" \/>\t\t\t\t\t\t\t\t\t\t\t\t\t\t\t<\/div>\n\t\t\t\t<\/div>\n\t\t\t\t\t<\/div>\n\t\t<\/div>\n\t\t\t\t<div class=\"elementor-column elementor-col-50 elementor-top-column elementor-element elementor-element-dd36887\" data-id=\"dd36887\" data-element_type=\"column\">\n\t\t\t<div class=\"elementor-widget-wrap elementor-element-populated\">\n\t\t\t\t\t\t<div class=\"elementor-element elementor-element-ce531d1 elementor-widget elementor-widget-elementskit-heading\" data-id=\"ce531d1\" data-element_type=\"widget\" data-widget_type=\"elementskit-heading.default\">\n\t\t\t\t<div class=\"elementor-widget-container\">\n\t\t\t\t\t<div class=\"ekit-wid-con\" ><div class=\"ekit-heading elementskit-section-title-wraper text_right   ekit_heading_tablet-text_left   ekit_heading_mobile-\"><h1 class=\"ekit-heading--title elementskit-section-title\">Senior Automation Engineer <\/h1><div class=\"ekit_heading_separetor_wraper ekit_heading_elementskit-border-divider elementskit-style-long\"><div class=\"elementskit-border-divider elementskit-style-long\"><\/div><\/div><\/div><\/div>\t\t\t\t<\/div>\n\t\t\t\t<\/div>\n\t\t\t\t<div class=\"elementor-element elementor-element-2eb912a elementor-widget elementor-widget-text-editor\" data-id=\"2eb912a\" data-element_type=\"widget\" data-widget_type=\"text-editor.default\">\n\t\t\t\t<div class=\"elementor-widget-container\">\n\t\t\t\t\t\t\t\t\t<p>Our client is a B2B platform provider with innovative and leading-edge technology with a wide range of international clients. For more than 20 years has provide a selection of services to choose from, in a simple yet effective proprietary platform that has modularized components and omnichannel capabilities, all within a comprehensive tool-driven and user-friendly system. Offers clients a completely customizable solution, ready for integration with leading providers of data, streaming video, virtual and 3rd party integrations.<\/p>\t\t\t\t\t\t\t\t<\/div>\n\t\t\t\t<\/div>\n\t\t\t\t\t<\/div>\n\t\t<\/div>\n\t\t\t\t\t<\/div>\n\t\t<\/section>\n\t\t\t\t<section class=\"elementor-section elementor-top-section elementor-element elementor-element-2e76ea4 elementor-section-boxed elementor-section-height-default elementor-section-height-default elementor-invisible\" data-id=\"2e76ea4\" data-element_type=\"section\" data-settings=\"{&quot;animation&quot;:&quot;fadeIn&quot;,&quot;background_background&quot;:&quot;classic&quot;}\">\n\t\t\t\t\t\t<div class=\"elementor-container elementor-column-gap-no\">\n\t\t\t\t\t<div class=\"elementor-column elementor-col-100 elementor-top-column elementor-element elementor-element-3c464dd\" data-id=\"3c464dd\" data-element_type=\"column\">\n\t\t\t<div class=\"elementor-widget-wrap elementor-element-populated\">\n\t\t\t\t\t\t<div class=\"elementor-element elementor-element-741a753 elementor-widget elementor-widget-text-editor\" data-id=\"741a753\" data-element_type=\"widget\" data-widget_type=\"text-editor.default\">\n\t\t\t\t<div class=\"elementor-widget-container\">\n\t\t\t\t\t\t\t\t\t<p><span class=\"--l --r sentence_highlight\">Is based in San Jose (Costa Rica), Sofia (Bulgaria) and Belgrade (Serbia <\/span><span class=\"--l --r sentence_highlight\">As the business grows, is seeking to expand it bright and talented people who are passionate about the software industry.<\/span><\/p><p><strong>The position<br \/><\/strong>For the growth of company, we are looking Senior Automation Engineer to join our team (Location: Costa Rica or country with similar time zone to Costa Rica +\/- 1 hour).<\/p><p>It's a full-time position for candidates in either Latin America or Eastern Europe, willing to work with at least 3 hours of overlap with Eastern Europe office hours (check what time it is in Bulgaria, for instance, and compare to your own to see what's the difference)<\/p><p><strong>Responsibilities<\/strong><\/p><ul><li>Ensure that documentation of new systems\/components is complete.<\/li><li>Maintaining a knowledgebase and systems documentation.<\/li><li>Defining alarms and monitoring<\/li><li>Monitoring<\/li><\/ul><p><strong><br \/>Your background &amp; requirements<\/strong><\/p><ul><li>Bachelor\u2019s degree in computer science, software engineering, or equivalent experience<\/li><li>5+ years of experience in a DevOps role or similar<\/li><li>Experience with Windows, Linux and FreeBSD operating systems<\/li><li>Experience with Ansible, Bash, Powershell, Gitlab CI, Jenkins, Git<\/li><li>Experience with Microsoft IIS<\/li><li>Familiarity with Agile principles and ability to follow Scrum development workflow<\/li><li>Fluent in English (C1 at least)<\/li><li>Experience working in an Agile Development environment<\/li><li>You are located in either Latin America, or Eastern Europe<\/li><li>You can work EST (Eastern Time) office hours, having at least 3 hours of overlap per day with the rest of the team.<\/li><\/ul><p><strong><br \/>Nice to haves and pluses<\/strong><\/p><ul><li>Experience with MSSQL, MySQL, CouchDB, Couchbase, RabbitMQ is an advantage<\/li><li>Experience in different deployment types (Blue\/Green, A\/B testing, Canary)<\/li><li>Experience with Microservice system architecture is an advantage<\/li><\/ul><p><strong><br \/>Our recruitment process<\/strong><\/p><ul><li>Recruiter interview (30 min)<\/li><li>Technical interview (45 min)<\/li><li>(optional) Head of Engineering interview (30 min)<\/li><\/ul><p><br \/>We strive to move efficiently from step to step so that the recruitment process can be as fast as possible.<\/p><p><strong>What we offer<\/strong><\/p><ul><li>Competitive salary. Payment in USD<\/li><li>Working with highly skilled and very experienced team.<\/li><li>Opportunity to grow and expand knowledge and skills.<\/li><\/ul>\t\t\t\t\t\t\t\t<\/div>\n\t\t\t\t<\/div>\n\t\t\t\t\t<\/div>\n\t\t<\/div>\n\t\t\t\t\t<\/div>\n\t\t<\/section>\n\t\t\t\t<\/div>","protected":false},"excerpt":{"rendered":"<p>Inicio &#8211; Ingeniero Senior de Automatizaci\u00f3n Ingeniero Senior de Automatizaci\u00f3n Nuestro cliente es un proveedor de plataformas B2B con tecnolog\u00eda innovadora y puntera que cuenta con una amplia gama de clientes internacionales. Durante m\u00e1s de 20 a\u00f1os ha proporcionado una selecci\u00f3n de servicios entre los que elegir, en una plataforma propietaria sencilla pero eficaz que [&hellip;]<\/p>","protected":false},"author":5,"featured_media":0,"parent":0,"menu_order":0,"comment_status":"closed","ping_status":"closed","template":"elementor_header_footer","meta":{"footnotes":""},"class_list":["post-1814","page","type-page","status-publish","hentry"],"_links":{"self":[{"href":"https:\/\/agiletalentco.net\/en\/wp-json\/wp\/v2\/pages\/1814","targetHints":{"allow":["GET"]}}],"collection":[{"href":"https:\/\/agiletalentco.net\/en\/wp-json\/wp\/v2\/pages"}],"about":[{"href":"https:\/\/agiletalentco.net\/en\/wp-json\/wp\/v2\/types\/page"}],"author":[{"embeddable":true,"href":"https:\/\/agiletalentco.net\/en\/wp-json\/wp\/v2\/users\/5"}],"replies":[{"embeddable":true,"href":"https:\/\/agiletalentco.net\/en\/wp-json\/wp\/v2\/comments?post=1814"}],"version-history":[{"count":34,"href":"https:\/\/agiletalentco.net\/en\/wp-json\/wp\/v2\/pages\/1814\/revisions"}],"predecessor-version":[{"id":1902,"href":"https:\/\/agiletalentco.net\/en\/wp-json\/wp\/v2\/pages\/1814\/revisions\/1902"}],"wp:attachment":[{"href":"https:\/\/agiletalentco.net\/en\/wp-json\/wp\/v2\/media?parent=1814"}],"curies":[{"name":"wp","href":"https:\/\/api.w.org\/{rel}","templated":true}]}}