{"id":1798,"date":"2024-07-10T03:08:59","date_gmt":"2024-07-10T03:08:59","guid":{"rendered":"https:\/\/agiletalentco.net\/?page_id=1798"},"modified":"2024-07-10T19:47:11","modified_gmt":"2024-07-10T19:47:11","slug":"senior-devops-engineer","status":"publish","type":"page","link":"https:\/\/agiletalentco.net\/en\/senior-devops-engineer\/","title":{"rendered":"Senior DevOps Engineer"},"content":{"rendered":"<div data-elementor-type=\"wp-page\" data-elementor-id=\"1798\" class=\"elementor elementor-1798\" data-elementor-post-type=\"page\">\n\t\t\t\t\t\t<section class=\"elementor-section elementor-top-section elementor-element elementor-element-2db1f01e elementor-section-boxed elementor-section-height-default elementor-section-height-default elementor-invisible\" data-id=\"2db1f01e\" data-element_type=\"section\" data-settings=\"{&quot;background_background&quot;:&quot;classic&quot;,&quot;animation&quot;:&quot;fadeIn&quot;}\">\n\t\t\t\t\t\t\t<div class=\"elementor-background-overlay\"><\/div>\n\t\t\t\t\t\t\t<div class=\"elementor-container elementor-column-gap-no\">\n\t\t\t\t\t<div class=\"elementor-column elementor-col-50 elementor-top-column elementor-element elementor-element-18eeb217\" data-id=\"18eeb217\" data-element_type=\"column\">\n\t\t\t<div class=\"elementor-widget-wrap\">\n\t\t\t\t\t\t\t<\/div>\n\t\t<\/div>\n\t\t\t\t<div class=\"elementor-column elementor-col-50 elementor-top-column elementor-element elementor-element-1acd92cd\" data-id=\"1acd92cd\" data-element_type=\"column\">\n\t\t\t<div class=\"elementor-widget-wrap elementor-element-populated\">\n\t\t\t\t\t\t<div class=\"elementor-element elementor-element-20eb044d elementor-widget elementor-widget-text-editor\" data-id=\"20eb044d\" data-element_type=\"widget\" data-widget_type=\"text-editor.default\">\n\t\t\t\t<div class=\"elementor-widget-container\">\n\t\t\t\t\t\t\t\t\t<p>Inicio \u2013 Senior DevOps Engineer<\/p>\t\t\t\t\t\t\t\t<\/div>\n\t\t\t\t<\/div>\n\t\t\t\t\t<\/div>\n\t\t<\/div>\n\t\t\t\t\t<\/div>\n\t\t<\/section>\n\t\t\t\t<section class=\"elementor-section elementor-top-section elementor-element elementor-element-4c53c62e elementor-section-boxed elementor-section-height-default elementor-section-height-default elementor-invisible\" data-id=\"4c53c62e\" data-element_type=\"section\" data-settings=\"{&quot;animation&quot;:&quot;fadeIn&quot;,&quot;background_background&quot;:&quot;classic&quot;}\">\n\t\t\t\t\t\t<div class=\"elementor-container elementor-column-gap-no\">\n\t\t\t\t\t<div class=\"elementor-column elementor-col-50 elementor-top-column elementor-element elementor-element-7f174eb3\" data-id=\"7f174eb3\" data-element_type=\"column\">\n\t\t\t<div class=\"elementor-widget-wrap elementor-element-populated\">\n\t\t\t\t\t\t<div class=\"elementor-element elementor-element-196e8aac elementor-widget elementor-widget-image\" data-id=\"196e8aac\" data-element_type=\"widget\" data-widget_type=\"image.default\">\n\t\t\t\t<div class=\"elementor-widget-container\">\n\t\t\t\t\t\t\t\t\t\t\t\t\t\t\t<img fetchpriority=\"high\" decoding=\"async\" width=\"490\" height=\"380\" src=\"https:\/\/agiletalentco.net\/wp-content\/uploads\/2024\/07\/web-devops-pic.jpg\" class=\"attachment-full size-full wp-image-1788\" alt=\"\" srcset=\"https:\/\/agiletalentco.net\/wp-content\/uploads\/2024\/07\/web-devops-pic.jpg 490w, https:\/\/agiletalentco.net\/wp-content\/uploads\/2024\/07\/web-devops-pic-300x233.jpg 300w, https:\/\/agiletalentco.net\/wp-content\/uploads\/2024\/07\/web-devops-pic-15x12.jpg 15w\" sizes=\"(max-width: 490px) 100vw, 490px\" \/>\t\t\t\t\t\t\t\t\t\t\t\t\t\t\t<\/div>\n\t\t\t\t<\/div>\n\t\t\t\t\t<\/div>\n\t\t<\/div>\n\t\t\t\t<div class=\"elementor-column elementor-col-50 elementor-top-column elementor-element elementor-element-34e5e462\" data-id=\"34e5e462\" data-element_type=\"column\">\n\t\t\t<div class=\"elementor-widget-wrap elementor-element-populated\">\n\t\t\t\t\t\t<div class=\"elementor-element elementor-element-4c31c620 elementor-widget elementor-widget-elementskit-heading\" data-id=\"4c31c620\" data-element_type=\"widget\" data-widget_type=\"elementskit-heading.default\">\n\t\t\t\t<div class=\"elementor-widget-container\">\n\t\t\t\t\t<div class=\"ekit-wid-con\" ><div class=\"ekit-heading elementskit-section-title-wraper text_right   ekit_heading_tablet-text_left   ekit_heading_mobile-\"><h1 class=\"ekit-heading--title elementskit-section-title\">Senior DevOps Engineer<\/h1><div class=\"ekit_heading_separetor_wraper ekit_heading_elementskit-border-divider elementskit-style-long\"><div class=\"elementskit-border-divider elementskit-style-long\"><\/div><\/div><\/div><\/div>\t\t\t\t<\/div>\n\t\t\t\t<\/div>\n\t\t\t\t<div class=\"elementor-element elementor-element-54402940 elementor-widget elementor-widget-text-editor\" data-id=\"54402940\" data-element_type=\"widget\" data-widget_type=\"text-editor.default\">\n\t\t\t\t<div class=\"elementor-widget-container\">\n\t\t\t\t\t\t\t\t\t<p>Our client is a B2B platform provider with innovative and leading-edge technology with a wide range of international clients. For more than 20 years has provide a selection of services to choose from, in a simple yet effective proprietary platform that has modularized components and omnichannel capabilities, all within a comprehensive tool-driven and user-friendly system. Offers clients a completely customizable solution, ready for integration with leading providers of data, streaming video, virtual and 3rd party integrations.<\/p>\t\t\t\t\t\t\t\t<\/div>\n\t\t\t\t<\/div>\n\t\t\t\t\t<\/div>\n\t\t<\/div>\n\t\t\t\t\t<\/div>\n\t\t<\/section>\n\t\t\t\t<section class=\"elementor-section elementor-top-section elementor-element elementor-element-47de4325 elementor-section-boxed elementor-section-height-default elementor-section-height-default elementor-invisible\" data-id=\"47de4325\" data-element_type=\"section\" data-settings=\"{&quot;animation&quot;:&quot;fadeIn&quot;,&quot;background_background&quot;:&quot;classic&quot;}\">\n\t\t\t\t\t\t<div class=\"elementor-container elementor-column-gap-no\">\n\t\t\t\t\t<div class=\"elementor-column elementor-col-100 elementor-top-column elementor-element elementor-element-6e0b27c0\" data-id=\"6e0b27c0\" data-element_type=\"column\">\n\t\t\t<div class=\"elementor-widget-wrap elementor-element-populated\">\n\t\t\t\t\t\t<div class=\"elementor-element elementor-element-314caab0 elementor-widget elementor-widget-text-editor\" data-id=\"314caab0\" data-element_type=\"widget\" data-widget_type=\"text-editor.default\">\n\t\t\t\t<div class=\"elementor-widget-container\">\n\t\t\t\t\t\t\t\t\t<p><span class=\"--l --r sentence_highlight\">Is based in San Jose (Costa Rica), Sofia (Bulgaria) and Belgrade (Serbia <\/span><span class=\"--l --r sentence_highlight\">As the business grows, is seeking to expand it bright and talented people who are passionate about the software industry.<\/span><\/p><p><strong>The position<br \/><\/strong><br \/>For the growth of company, we are looking Senior DevOps Engineer to join our team (Location: Costa Rica or country with similar time zone to Costa Rica +\/- 1 hour). <br \/>It's a full-time position for candidates in either Latin America or Eastern Europe, willing to work with at least 3 hours of overlap with Eastern Europe office hours (check what time it is in Bulgaria, for instance, and compare to your own to see what's the difference)<\/p><p><strong>Responsibilities<\/strong><\/p><ul><li>Ensure that deployment instructions and scripts provided by the development teams are clear and complete.<\/li><li>Ensure that documentation of new systems\/components is complete including flow of information charts and troubleshooting steps.<\/li><li>Plan releases into the staging and production environment<\/li><li>Execute releases into the staging and production environment<\/li><li>Deploy and configure full application stack (OS, DB, 3rd part software)<\/li><li>Perform basic systems management tasks in staging and production<\/li><li>Severity 1 and Severity 2 incident management including triage, troubleshooting and in some cases the resolution<\/li><li>When applicable, documenting Incident\u2019s RCAs, workaround, resolution, mitigation etc<\/li><li>Maintaining a knowledgebase and systems documentation<\/li><li>Defining alarms and monitoring<\/li><li>Monitoring<\/li><\/ul><p><strong><br \/>Your background &amp; requirements<\/strong><\/p><ul><li>Bachelor\u2019s degree in computer science, software engineering, or equivalent experience<\/li><li>5+ years of experience in a DevOps \/ Development \/ IT role<\/li><li>2+ years of experience in a DevOps role<\/li><li>Experience with Windows, Linux and FreeBSD operating systems<\/li><li>Experience with Jenkins, Ansible, SVN, GIT, PowerShell<\/li><li>Experience with Microsoft IIS<\/li><li>Curiosity to explore new ideas and passion to make them happen<\/li><li>Strong analytical, troubleshooting and problem-solving skills<\/li><li>Extremely attentive to detail, organized and process focused<\/li><li>Dynamic and innovative, with excellent communication skills<\/li><li>Fluent in English (C1 at least)<\/li><li>Experience working in an Agile Development environment<\/li><li>You are located in either Latin America, or Eastern Europe<\/li><li>You can work EST (Eastern Time) office hours, having at least 3 hours of overlap per day with the rest of the team.<\/li><\/ul><p><strong><br \/>Nice to haves and pluses<\/strong><\/p><ul><li>Experience with MSSQL, MySQL, CouchDB, Couchbase, RabbitMQ is an advantage<\/li><li>Experience in different deployment types (Blue\/Green, A\/B testing, Canary)<\/li><li>Experience with Microservice system architecture is an advantage<\/li><\/ul><p><strong><br \/>Our recruitment process<\/strong><\/p><ul><li>\u00a0Recruiter interview (30 min)<\/li><li>Technical interview (45 min)<\/li><li>(optional) Head of Engineering interview (30 min)<\/li><\/ul><p><br \/>We strive to move efficiently from step to step so that the recruitment process can be as fast as possible.<\/p><p><strong>What we offer<\/strong><\/p><ul><li>Competitive salary. Payment in USD<\/li><li>Working with highly skilled and very experienced team.<\/li><li>Working on exciting and challenging projects.<\/li><li>Opportunity to grow and expand knowledge and skills.<\/li><\/ul>\t\t\t\t\t\t\t\t<\/div>\n\t\t\t\t<\/div>\n\t\t\t\t\t<\/div>\n\t\t<\/div>\n\t\t\t\t\t<\/div>\n\t\t<\/section>\n\t\t\t\t<\/div>","protected":false},"excerpt":{"rendered":"<p>Inicio &#8211; Ingeniero Senior Web DevOps Ingeniero Senior Web DevOps Nuestro cliente es un proveedor de plataformas B2B con tecnolog\u00eda innovadora y puntera que cuenta con una amplia gama de clientes internacionales. Durante m\u00e1s de 20 a\u00f1os ha proporcionado una selecci\u00f3n de servicios entre los que elegir, en una plataforma propietaria sencilla pero eficaz que [&hellip;]<\/p>","protected":false},"author":5,"featured_media":0,"parent":0,"menu_order":0,"comment_status":"closed","ping_status":"closed","template":"elementor_header_footer","meta":{"footnotes":""},"class_list":["post-1798","page","type-page","status-publish","hentry"],"_links":{"self":[{"href":"https:\/\/agiletalentco.net\/en\/wp-json\/wp\/v2\/pages\/1798","targetHints":{"allow":["GET"]}}],"collection":[{"href":"https:\/\/agiletalentco.net\/en\/wp-json\/wp\/v2\/pages"}],"about":[{"href":"https:\/\/agiletalentco.net\/en\/wp-json\/wp\/v2\/types\/page"}],"author":[{"embeddable":true,"href":"https:\/\/agiletalentco.net\/en\/wp-json\/wp\/v2\/users\/5"}],"replies":[{"embeddable":true,"href":"https:\/\/agiletalentco.net\/en\/wp-json\/wp\/v2\/comments?post=1798"}],"version-history":[{"count":25,"href":"https:\/\/agiletalentco.net\/en\/wp-json\/wp\/v2\/pages\/1798\/revisions"}],"predecessor-version":[{"id":1899,"href":"https:\/\/agiletalentco.net\/en\/wp-json\/wp\/v2\/pages\/1798\/revisions\/1899"}],"wp:attachment":[{"href":"https:\/\/agiletalentco.net\/en\/wp-json\/wp\/v2\/media?parent=1798"}],"curies":[{"name":"wp","href":"https:\/\/api.w.org\/{rel}","templated":true}]}}