{"id":146,"date":"2023-05-06T16:05:57","date_gmt":"2023-05-06T16:05:57","guid":{"rendered":"https:\/\/agiletalentco.net\/?page_id=146"},"modified":"2025-04-29T23:03:14","modified_gmt":"2025-04-29T23:03:14","slug":"work-climate-assessment-and-management","status":"publish","type":"page","link":"https:\/\/agiletalentco.net\/en\/work-climate-assessment-and-management\/","title":{"rendered":"Evaluation and management of the work environment"},"content":{"rendered":"<div data-elementor-type=\"wp-page\" data-elementor-id=\"146\" class=\"elementor elementor-146\" data-elementor-post-type=\"page\">\n\t\t\t\t\t\t<section class=\"elementor-section elementor-top-section elementor-element elementor-element-2b72debb elementor-section-boxed elementor-section-height-default elementor-section-height-default elementor-invisible\" data-id=\"2b72debb\" data-element_type=\"section\" data-settings=\"{&quot;background_background&quot;:&quot;classic&quot;,&quot;animation&quot;:&quot;fadeIn&quot;}\">\n\t\t\t\t\t\t\t<div class=\"elementor-background-overlay\"><\/div>\n\t\t\t\t\t\t\t<div class=\"elementor-container elementor-column-gap-no\">\n\t\t\t\t\t<div class=\"elementor-column elementor-col-100 elementor-top-column elementor-element elementor-element-195fe42e\" data-id=\"195fe42e\" data-element_type=\"column\">\n\t\t\t<div class=\"elementor-widget-wrap elementor-element-populated\">\n\t\t\t\t\t\t<div class=\"elementor-element elementor-element-437e0450 elementor-widget elementor-widget-elementskit-heading\" data-id=\"437e0450\" data-element_type=\"widget\" data-widget_type=\"elementskit-heading.default\">\n\t\t\t\t<div class=\"elementor-widget-container\">\n\t\t\t\t\t<div class=\"ekit-wid-con\" ><div class=\"ekit-heading elementskit-section-title-wraper text_center   ekit_heading_tablet-   ekit_heading_mobile-\"><h1 class=\"ekit-heading--title elementskit-section-title\">Work Climate Assessment and Management<\/h1><h2 class=\"ekit-heading--subtitle elementskit-section-subtitle\">\n\t\t\t\t\t\tServices\n\t\t\t\t\t<\/h2><\/div><\/div>\t\t\t\t<\/div>\n\t\t\t\t<\/div>\n\t\t\t\t\t<\/div>\n\t\t<\/div>\n\t\t\t\t\t<\/div>\n\t\t<\/section>\n\t\t\t\t<section class=\"elementor-section elementor-top-section elementor-element elementor-element-422484cf elementor-section-boxed elementor-section-height-default elementor-section-height-default elementor-invisible\" data-id=\"422484cf\" data-element_type=\"section\" data-settings=\"{&quot;animation&quot;:&quot;fadeIn&quot;,&quot;background_background&quot;:&quot;classic&quot;}\">\n\t\t\t\t\t\t<div class=\"elementor-container elementor-column-gap-no\">\n\t\t\t\t\t<div class=\"elementor-column elementor-col-100 elementor-top-column elementor-element elementor-element-50d387f1\" data-id=\"50d387f1\" data-element_type=\"column\">\n\t\t\t<div class=\"elementor-widget-wrap elementor-element-populated\">\n\t\t\t\t\t\t<div class=\"elementor-element elementor-element-725cd67c elementor-widget elementor-widget-text-editor\" data-id=\"725cd67c\" data-element_type=\"widget\" data-widget_type=\"text-editor.default\">\n\t\t\t\t<div class=\"elementor-widget-container\">\n\t\t\t\t\t\t\t\t\t<p>Our Work Climate Assessment and Management service is designed to help your company understand employee morale and satisfaction in the workplace. This service helps your business to identify the factors that deteriorate the work climate and to take the necessary measures to improve the relationship between your employees and your work philosophy.<\/p><p>Work climate is a crucial factor for productivity and business success. Employees' perception of their work environment can affect their performance, motivation and commitment. Our Work Climate Assessment and Management service provides your company with the knowledge to understand the work climate among your employees and your departments.<\/p><p><strong>How do we get started?<\/strong><\/p><p>Our service begins with a complete assessment of your company's work climate using a variety of research tools and techniques. These may include:<\/p><ul><li>Surveys<\/li><li>Interviews<\/li><li>Focus groups with employees<\/li><li>Diagnostic instruments<\/li><li>Checklists<\/li><\/ul><p>We analyze the results and provide a detailed report with recommendations on how to improve the work environment.<\/p><p>Once the issues have been identified, we work with your company to develop an action plan that addresses the specific issues that arise. We can provide advice and guidance on how to implement the recommendations, or we can implement the action plan directly.<\/p>\t\t\t\t\t\t\t\t<\/div>\n\t\t\t\t<\/div>\n\t\t\t\t\t<\/div>\n\t\t<\/div>\n\t\t\t\t\t<\/div>\n\t\t<\/section>\n\t\t\t\t<section class=\"elementor-section elementor-top-section elementor-element elementor-element-5a608be elementor-section-boxed elementor-section-height-default elementor-section-height-default elementor-invisible\" data-id=\"5a608be\" data-element_type=\"section\" data-settings=\"{&quot;animation&quot;:&quot;fadeIn&quot;}\">\n\t\t\t\t\t\t<div class=\"elementor-container elementor-column-gap-no\">\n\t\t\t\t\t<div class=\"elementor-column elementor-col-100 elementor-top-column elementor-element elementor-element-6014dfc\" data-id=\"6014dfc\" data-element_type=\"column\">\n\t\t\t<div class=\"elementor-widget-wrap elementor-element-populated\">\n\t\t\t\t\t\t<div class=\"elementor-element elementor-element-2174d5b elementor-widget elementor-widget-heading\" data-id=\"2174d5b\" data-element_type=\"widget\" data-widget_type=\"heading.default\">\n\t\t\t\t<div class=\"elementor-widget-container\">\n\t\t\t\t\t<h2 class=\"elementor-heading-title elementor-size-default\">What makes us attractive?<\/h2>\t\t\t\t<\/div>\n\t\t\t\t<\/div>\n\t\t\t\t<div class=\"elementor-element elementor-element-8caea9e elementor-widget__width-initial elementor-icon-list--layout-traditional elementor-list-item-link-full_width elementor-widget elementor-widget-icon-list\" data-id=\"8caea9e\" data-element_type=\"widget\" data-widget_type=\"icon-list.default\">\n\t\t\t\t<div class=\"elementor-widget-container\">\n\t\t\t\t\t\t\t<ul class=\"elementor-icon-list-items\">\n\t\t\t\t\t\t\t<li class=\"elementor-icon-list-item\">\n\t\t\t\t\t\t\t\t\t\t\t<span class=\"elementor-icon-list-icon\">\n\t\t\t\t\t\t\t<i aria-hidden=\"true\" class=\"fas fa-check-square\"><\/i>\t\t\t\t\t\t<\/span>\n\t\t\t\t\t\t\t\t\t\t<span class=\"elementor-icon-list-text\">We improve employee satisfaction and their commitment to the company.<\/span>\n\t\t\t\t\t\t\t\t\t<\/li>\n\t\t\t\t\t\t\t\t<li class=\"elementor-icon-list-item\">\n\t\t\t\t\t\t\t\t\t\t\t<span class=\"elementor-icon-list-icon\">\n\t\t\t\t\t\t\t<i aria-hidden=\"true\" class=\"fas fa-check-square\"><\/i>\t\t\t\t\t\t<\/span>\n\t\t\t\t\t\t\t\t\t\t<span class=\"elementor-icon-list-text\">We identify problems and challenges in the work environment and suggest solutions to address them.<\/span>\n\t\t\t\t\t\t\t\t\t<\/li>\n\t\t\t\t\t\t\t\t<li class=\"elementor-icon-list-item\">\n\t\t\t\t\t\t\t\t\t\t\t<span class=\"elementor-icon-list-icon\">\n\t\t\t\t\t\t\t<i aria-hidden=\"true\" class=\"fas fa-check-square\"><\/i>\t\t\t\t\t\t<\/span>\n\t\t\t\t\t\t\t\t\t\t<span class=\"elementor-icon-list-text\">We contribute to creating a positive work environment that reduces absenteeism and employee turnover.<\/span>\n\t\t\t\t\t\t\t\t\t<\/li>\n\t\t\t\t\t\t\t\t<li class=\"elementor-icon-list-item\">\n\t\t\t\t\t\t\t\t\t\t\t<span class=\"elementor-icon-list-icon\">\n\t\t\t\t\t\t\t<i aria-hidden=\"true\" class=\"fas fa-check-square\"><\/i>\t\t\t\t\t\t<\/span>\n\t\t\t\t\t\t\t\t\t\t<span class=\"elementor-icon-list-text\">We provide an objective, data-driven view of the work climate, which helps your business make decisions, improving the culture and work environment.<\/span>\n\t\t\t\t\t\t\t\t\t<\/li>\n\t\t\t\t\t\t<\/ul>\n\t\t\t\t\t\t<\/div>\n\t\t\t\t<\/div>\n\t\t\t\t<div class=\"elementor-element elementor-element-eb5e5cf elementor-widget elementor-widget-text-editor\" data-id=\"eb5e5cf\" data-element_type=\"widget\" data-widget_type=\"text-editor.default\">\n\t\t\t\t<div class=\"elementor-widget-container\">\n\t\t\t\t\t\t\t\t\t<p>Our Work Climate Assessment and Management service provides you with an objective and detailed view of your company's work climate and suggests ways to improve the work environment. When you use our services, you can expect improvements in employee satisfaction, productivity and retention. In addition, by addressing work environment issues and challenges, your company improves its image and its ability to attract and retain talent.<\/p>\t\t\t\t\t\t\t\t<\/div>\n\t\t\t\t<\/div>\n\t\t\t\t\t<\/div>\n\t\t<\/div>\n\t\t\t\t\t<\/div>\n\t\t<\/section>\n\t\t\t\t<\/div>","protected":false},"excerpt":{"rendered":"<p>Evaluaci\u00f3n y Gesti\u00f3n del Clima Laboral Servicios Nuestro servicio de Evaluaci\u00f3n y Gesti\u00f3n de Clima Laboral est\u00e1 dise\u00f1ado para asesorar a su empresa a comprender el estado de \u00e1nimo y la satisfacci\u00f3n de los empleados en su lugar de trabajo. Este servicio ayuda a su negocio a identificar los factores que deterioran el clima laboral [&hellip;]<\/p>","protected":false},"author":4,"featured_media":0,"parent":0,"menu_order":0,"comment_status":"closed","ping_status":"closed","template":"elementor_header_footer","meta":{"footnotes":""},"class_list":["post-146","page","type-page","status-publish","hentry"],"_links":{"self":[{"href":"https:\/\/agiletalentco.net\/en\/wp-json\/wp\/v2\/pages\/146","targetHints":{"allow":["GET"]}}],"collection":[{"href":"https:\/\/agiletalentco.net\/en\/wp-json\/wp\/v2\/pages"}],"about":[{"href":"https:\/\/agiletalentco.net\/en\/wp-json\/wp\/v2\/types\/page"}],"author":[{"embeddable":true,"href":"https:\/\/agiletalentco.net\/en\/wp-json\/wp\/v2\/users\/4"}],"replies":[{"embeddable":true,"href":"https:\/\/agiletalentco.net\/en\/wp-json\/wp\/v2\/comments?post=146"}],"version-history":[{"count":39,"href":"https:\/\/agiletalentco.net\/en\/wp-json\/wp\/v2\/pages\/146\/revisions"}],"predecessor-version":[{"id":2122,"href":"https:\/\/agiletalentco.net\/en\/wp-json\/wp\/v2\/pages\/146\/revisions\/2122"}],"wp:attachment":[{"href":"https:\/\/agiletalentco.net\/en\/wp-json\/wp\/v2\/media?parent=146"}],"curies":[{"name":"wp","href":"https:\/\/api.w.org\/{rel}","templated":true}]}}