{"id":142,"date":"2023-05-06T16:05:57","date_gmt":"2023-05-06T16:05:57","guid":{"rendered":"https:\/\/agiletalentco.net\/?page_id=142"},"modified":"2025-07-04T21:32:44","modified_gmt":"2025-07-04T21:32:44","slug":"human-resources-consulting","status":"publish","type":"page","link":"https:\/\/agiletalentco.net\/en\/human-resources-consulting\/","title":{"rendered":"Human Resources Consulting"},"content":{"rendered":"<div data-elementor-type=\"wp-page\" data-elementor-id=\"142\" class=\"elementor elementor-142\" data-elementor-post-type=\"page\">\n\t\t\t\t\t\t<section class=\"elementor-section elementor-top-section elementor-element elementor-element-2b72debb elementor-section-boxed elementor-section-height-default elementor-section-height-default elementor-invisible\" data-id=\"2b72debb\" data-element_type=\"section\" data-settings=\"{&quot;background_background&quot;:&quot;classic&quot;,&quot;animation&quot;:&quot;fadeIn&quot;}\">\n\t\t\t\t\t\t\t<div class=\"elementor-background-overlay\"><\/div>\n\t\t\t\t\t\t\t<div class=\"elementor-container elementor-column-gap-no\">\n\t\t\t\t\t<div class=\"elementor-column elementor-col-100 elementor-top-column elementor-element elementor-element-195fe42e\" data-id=\"195fe42e\" data-element_type=\"column\">\n\t\t\t<div class=\"elementor-widget-wrap elementor-element-populated\">\n\t\t\t\t\t\t<div class=\"elementor-element elementor-element-437e0450 elementor-widget elementor-widget-elementskit-heading\" data-id=\"437e0450\" data-element_type=\"widget\" data-widget_type=\"elementskit-heading.default\">\n\t\t\t\t<div class=\"elementor-widget-container\">\n\t\t\t\t\t<div class=\"ekit-wid-con\" ><div class=\"ekit-heading elementskit-section-title-wraper text_center   ekit_heading_tablet-   ekit_heading_mobile-\"><h1 class=\"ekit-heading--title elementskit-section-title\">Human Resources Consulting<\/h1><h2 class=\"ekit-heading--subtitle elementskit-section-subtitle\">\n\t\t\t\t\t\tServices\n\t\t\t\t\t<\/h2><\/div><\/div>\t\t\t\t<\/div>\n\t\t\t\t<\/div>\n\t\t\t\t\t<\/div>\n\t\t<\/div>\n\t\t\t\t\t<\/div>\n\t\t<\/section>\n\t\t\t\t<section class=\"elementor-section elementor-top-section elementor-element elementor-element-422484cf elementor-section-boxed elementor-section-height-default elementor-section-height-default elementor-invisible\" data-id=\"422484cf\" data-element_type=\"section\" data-settings=\"{&quot;animation&quot;:&quot;fadeIn&quot;,&quot;background_background&quot;:&quot;classic&quot;}\">\n\t\t\t\t\t\t<div class=\"elementor-container elementor-column-gap-no\">\n\t\t\t\t\t<div class=\"elementor-column elementor-col-100 elementor-top-column elementor-element elementor-element-50d387f1\" data-id=\"50d387f1\" data-element_type=\"column\">\n\t\t\t<div class=\"elementor-widget-wrap elementor-element-populated\">\n\t\t\t\t\t\t<div class=\"elementor-element elementor-element-725cd67c elementor-widget elementor-widget-text-editor\" data-id=\"725cd67c\" data-element_type=\"widget\" data-widget_type=\"text-editor.default\">\n\t\t\t\t<div class=\"elementor-widget-container\">\n\t\t\t\t\t\t\t\t\t<p>Our human resources consulting services focus on improving your company's performance through human talent management. We offer advisory services and efficient strategies for the development and management of human resources.<\/p><p>At Agile Talent Company ATC, we have a team of experts in human resources that provides comprehensive solutions to companies seeking to improve their performance through the management of their human talent. We offer human resources consulting services that start from strategic planning to the implementation and monitoring of policies and procedures.<\/p><p>Our human resources consultancies cover various aspects such as:<\/p><ul><li>Recruitment<\/li><li>Selection<\/li><li>Training<\/li><li>Professional development<\/li><li>Performance management<\/li><li>Payroll and compensation administration<\/li><li>Organizational culture management<\/li><\/ul><p>We work with each company on a customized basis to understand their specific needs and objectives and offer effective, tailor-made solutions.<\/p>\t\t\t\t\t\t\t\t<\/div>\n\t\t\t\t<\/div>\n\t\t\t\t\t<\/div>\n\t\t<\/div>\n\t\t\t\t\t<\/div>\n\t\t<\/section>\n\t\t\t\t<section class=\"elementor-section elementor-top-section elementor-element elementor-element-c258370 elementor-section-boxed elementor-section-height-default elementor-section-height-default elementor-invisible\" data-id=\"c258370\" data-element_type=\"section\" data-settings=\"{&quot;animation&quot;:&quot;fadeIn&quot;}\">\n\t\t\t\t\t\t<div class=\"elementor-container elementor-column-gap-no\">\n\t\t\t\t\t<div class=\"elementor-column elementor-col-50 elementor-top-column elementor-element elementor-element-392d45f\" data-id=\"392d45f\" data-element_type=\"column\">\n\t\t\t<div class=\"elementor-widget-wrap elementor-element-populated\">\n\t\t\t\t\t\t<div class=\"elementor-element elementor-element-bd4afc8 elementor-widget elementor-widget-image\" data-id=\"bd4afc8\" data-element_type=\"widget\" data-widget_type=\"image.default\">\n\t\t\t\t<div class=\"elementor-widget-container\">\n\t\t\t\t\t\t\t\t\t\t\t\t\t\t\t<img fetchpriority=\"high\" decoding=\"async\" width=\"321\" height=\"383\" src=\"https:\/\/agiletalentco.net\/wp-content\/uploads\/2024\/04\/consultoria-en-rrhh2.jpg\" class=\"attachment-full size-full wp-image-1479\" alt=\"\" srcset=\"https:\/\/agiletalentco.net\/wp-content\/uploads\/2024\/04\/consultoria-en-rrhh2.jpg 321w, https:\/\/agiletalentco.net\/wp-content\/uploads\/2024\/04\/consultoria-en-rrhh2-251x300.jpg 251w, https:\/\/agiletalentco.net\/wp-content\/uploads\/2024\/04\/consultoria-en-rrhh2-10x12.jpg 10w\" sizes=\"(max-width: 321px) 100vw, 321px\" \/>\t\t\t\t\t\t\t\t\t\t\t\t\t\t\t<\/div>\n\t\t\t\t<\/div>\n\t\t\t\t\t<\/div>\n\t\t<\/div>\n\t\t\t\t<div class=\"elementor-column elementor-col-50 elementor-top-column elementor-element elementor-element-d952c4b\" data-id=\"d952c4b\" data-element_type=\"column\">\n\t\t\t<div class=\"elementor-widget-wrap elementor-element-populated\">\n\t\t\t\t\t\t<div class=\"elementor-element elementor-element-2e89929 elementor-widget elementor-widget-elementskit-heading\" data-id=\"2e89929\" data-element_type=\"widget\" data-widget_type=\"elementskit-heading.default\">\n\t\t\t\t<div class=\"elementor-widget-container\">\n\t\t\t\t\t<div class=\"ekit-wid-con\" ><div class=\"ekit-heading elementskit-section-title-wraper text_right   ekit_heading_tablet-text_left   ekit_heading_mobile-\"><h1 class=\"ekit-heading--title elementskit-section-title\">Why choose Agile Talent Company ATC?<\/h1><div class=\"ekit_heading_separetor_wraper ekit_heading_elementskit-border-divider elementskit-style-long\"><div class=\"elementskit-border-divider elementskit-style-long\"><\/div><\/div><\/div><\/div>\t\t\t\t<\/div>\n\t\t\t\t<\/div>\n\t\t\t\t<div class=\"elementor-element elementor-element-1777e31 elementor-align-start elementor-widget__width-initial elementor-icon-list--layout-traditional elementor-list-item-link-full_width elementor-widget elementor-widget-icon-list\" data-id=\"1777e31\" data-element_type=\"widget\" data-widget_type=\"icon-list.default\">\n\t\t\t\t<div class=\"elementor-widget-container\">\n\t\t\t\t\t\t\t<ul class=\"elementor-icon-list-items\">\n\t\t\t\t\t\t\t<li class=\"elementor-icon-list-item\">\n\t\t\t\t\t\t\t\t\t\t\t<span class=\"elementor-icon-list-icon\">\n\t\t\t\t\t\t\t<i aria-hidden=\"true\" class=\"fas fa-check-square\"><\/i>\t\t\t\t\t\t<\/span>\n\t\t\t\t\t\t\t\t\t\t<span class=\"elementor-icon-list-text\">Advice and specific strategies for human resources management.<\/span>\n\t\t\t\t\t\t\t\t\t<\/li>\n\t\t\t\t\t\t\t\t<li class=\"elementor-icon-list-item\">\n\t\t\t\t\t\t\t\t\t\t\t<span class=\"elementor-icon-list-icon\">\n\t\t\t\t\t\t\t<i aria-hidden=\"true\" class=\"fas fa-check-square\"><\/i>\t\t\t\t\t\t<\/span>\n\t\t\t\t\t\t\t\t\t\t<span class=\"elementor-icon-list-text\">Improved company performance through human talent management.<\/span>\n\t\t\t\t\t\t\t\t\t<\/li>\n\t\t\t\t\t\t\t\t<li class=\"elementor-icon-list-item\">\n\t\t\t\t\t\t\t\t\t\t\t<span class=\"elementor-icon-list-icon\">\n\t\t\t\t\t\t\t<i aria-hidden=\"true\" class=\"fas fa-check-square\"><\/i>\t\t\t\t\t\t<\/span>\n\t\t\t\t\t\t\t\t\t\t<span class=\"elementor-icon-list-text\">Cost and time reduction in human resources processes.<\/span>\n\t\t\t\t\t\t\t\t\t<\/li>\n\t\t\t\t\t\t\t\t<li class=\"elementor-icon-list-item\">\n\t\t\t\t\t\t\t\t\t\t\t<span class=\"elementor-icon-list-icon\">\n\t\t\t\t\t\t\t<i aria-hidden=\"true\" class=\"fas fa-check-square\"><\/i>\t\t\t\t\t\t<\/span>\n\t\t\t\t\t\t\t\t\t\t<span class=\"elementor-icon-list-text\">Increased employee productivity and satisfaction.<\/span>\n\t\t\t\t\t\t\t\t\t<\/li>\n\t\t\t\t\t\t\t\t<li class=\"elementor-icon-list-item\">\n\t\t\t\t\t\t\t\t\t\t\t<span class=\"elementor-icon-list-icon\">\n\t\t\t\t\t\t\t<i aria-hidden=\"true\" class=\"fas fa-check-square\"><\/i>\t\t\t\t\t\t<\/span>\n\t\t\t\t\t\t\t\t\t\t<span class=\"elementor-icon-list-text\">Increased competitiveness in the market.<\/span>\n\t\t\t\t\t\t\t\t\t<\/li>\n\t\t\t\t\t\t<\/ul>\n\t\t\t\t\t\t<\/div>\n\t\t\t\t<\/div>\n\t\t\t\t<div class=\"elementor-element elementor-element-8a066f2 elementor-widget elementor-widget-text-editor\" data-id=\"8a066f2\" data-element_type=\"widget\" data-widget_type=\"text-editor.default\">\n\t\t\t\t<div class=\"elementor-widget-container\">\n\t\t\t\t\t\t\t\t\t<p>Our clients have access to a team of experts who will provide them with effective solutions for the management of human talent in their company. With our strategic and practical approach, we will help your company improve its performance and competitiveness in the market.<\/p><p>In addition, our services will allow you to reduce costs and time in the human resources processes, accelerating the return on investment.<\/p><p><button id=\"sendDataButton\" style=\"display: none; visibility: hidden;\">Send Data<\/button><button id=\"sendDataButton\" style=\"display: none; visibility: hidden;\">Send Data<\/button><\/p><p><button id=\"sendDataButton\" style=\"display: none; visibility: hidden;\">Send Data<\/button><button id=\"sendDataButton\" style=\"display: none; visibility: hidden;\">Send Data<\/button><\/p>\t\t\t\t\t\t\t\t<\/div>\n\t\t\t\t<\/div>\n\t\t\t\t\t<\/div>\n\t\t<\/div>\n\t\t\t\t\t<\/div>\n\t\t<\/section>\n\t\t\t\t<section class=\"elementor-section elementor-top-section elementor-element elementor-element-ab12dea elementor-section-boxed elementor-section-height-default elementor-section-height-default elementor-invisible\" data-id=\"ab12dea\" data-element_type=\"section\" data-settings=\"{&quot;animation&quot;:&quot;fadeIn&quot;,&quot;background_background&quot;:&quot;classic&quot;}\">\n\t\t\t\t\t\t<div class=\"elementor-container elementor-column-gap-no\">\n\t\t\t\t\t<div class=\"elementor-column elementor-col-100 elementor-top-column elementor-element elementor-element-41c179f\" data-id=\"41c179f\" data-element_type=\"column\">\n\t\t\t<div class=\"elementor-widget-wrap elementor-element-populated\">\n\t\t\t\t\t\t<div class=\"elementor-element elementor-element-5d541b5 elementor-widget elementor-widget-elementskit-heading\" data-id=\"5d541b5\" data-element_type=\"widget\" data-widget_type=\"elementskit-heading.default\">\n\t\t\t\t<div class=\"elementor-widget-container\">\n\t\t\t\t\t<div class=\"ekit-wid-con\" ><div class=\"ekit-heading elementskit-section-title-wraper text_left   ekit_heading_tablet-text_left   ekit_heading_mobile-\"><h1 class=\"ekit-heading--title elementskit-section-title\">Personnel Selection and Recruitment<\/h1><div class=\"ekit_heading_separetor_wraper ekit_heading_elementskit-border-divider elementskit-style-long\"><div class=\"elementskit-border-divider elementskit-style-long\"><\/div><\/div><\/div><\/div>\t\t\t\t<\/div>\n\t\t\t\t<\/div>\n\t\t\t\t<div class=\"elementor-element elementor-element-c4da805 elementor-widget elementor-widget-text-editor\" data-id=\"c4da805\" data-element_type=\"widget\" data-widget_type=\"text-editor.default\">\n\t\t\t\t<div class=\"elementor-widget-container\">\n\t\t\t\t\t\t\t\t\t<p>Our recruiting and staffing services are designed to help your company find and hire the best talent in the market. Our personalized client focus guarantees that we will find the right person for the right position, ensuring your hiring success.\u00a0<\/p><p>Our Recruitment and Selection service is a process designed to identify, attract and select the best candidate for a given position in your company. At Agile Talent Company ATC, we ensure that each candidate is carefully evaluated and that each step of the selection process is tailored to your needs and specifications.<\/p><p><strong>What are our general processes?<\/strong><\/p><p>Our Recruitment and Selection process is divided into stages:<\/p><p><strong>Position analysis<\/strong><\/p><p>We understand your company's specific requirements for the position to be filled.<\/p><p><strong>Candidate search<\/strong><\/p><p>We actively seek and contact potential candidates who fit the profile of the position to be filled.<\/p><p><strong>Evaluation of candidates<\/strong><\/p><p>We carefully evaluate candidates, both in terms of technical skills and personal competencies.<\/p><p><strong>Interviews<\/strong><\/p><p>We conduct personalized interviews to better understand candidates and to assess their ability to fit your company's culture and values.<\/p><p><strong>Final selection<\/strong><\/p><p>We present the most suitable candidates for your company to interview, and assist in the decision making process.<\/p><p><button id=\"sendDataButton\" style=\"display: none; visibility: hidden;\">Send Data<\/button><button id=\"sendDataButton\" style=\"display: none; visibility: hidden;\">Send Data<\/button><\/p>\t\t\t\t\t\t\t\t<\/div>\n\t\t\t\t<\/div>\n\t\t\t\t\t<\/div>\n\t\t<\/div>\n\t\t\t\t\t<\/div>\n\t\t<\/section>\n\t\t\t\t<section class=\"elementor-section elementor-top-section elementor-element elementor-element-56d329d elementor-section-boxed elementor-section-height-default elementor-section-height-default elementor-invisible\" data-id=\"56d329d\" data-element_type=\"section\" data-settings=\"{&quot;animation&quot;:&quot;fadeIn&quot;}\">\n\t\t\t\t\t\t<div class=\"elementor-container elementor-column-gap-no\">\n\t\t\t\t\t<div class=\"elementor-column elementor-col-50 elementor-top-column elementor-element elementor-element-76754ab\" data-id=\"76754ab\" data-element_type=\"column\">\n\t\t\t<div class=\"elementor-widget-wrap elementor-element-populated\">\n\t\t\t\t\t\t<div class=\"elementor-element elementor-element-94bfd36 elementor-widget elementor-widget-image\" data-id=\"94bfd36\" data-element_type=\"widget\" data-widget_type=\"image.default\">\n\t\t\t\t<div class=\"elementor-widget-container\">\n\t\t\t\t\t\t\t\t\t\t\t\t\t\t\t<img decoding=\"async\" width=\"321\" height=\"383\" src=\"https:\/\/agiletalentco.net\/wp-content\/uploads\/2024\/04\/Seleccion-y-Reclutamiento-de-Personal1.jpg\" class=\"attachment-full size-full wp-image-1557\" alt=\"\" srcset=\"https:\/\/agiletalentco.net\/wp-content\/uploads\/2024\/04\/Seleccion-y-Reclutamiento-de-Personal1.jpg 321w, https:\/\/agiletalentco.net\/wp-content\/uploads\/2024\/04\/Seleccion-y-Reclutamiento-de-Personal1-251x300.jpg 251w, https:\/\/agiletalentco.net\/wp-content\/uploads\/2024\/04\/Seleccion-y-Reclutamiento-de-Personal1-10x12.jpg 10w\" sizes=\"(max-width: 321px) 100vw, 321px\" \/>\t\t\t\t\t\t\t\t\t\t\t\t\t\t\t<\/div>\n\t\t\t\t<\/div>\n\t\t\t\t\t<\/div>\n\t\t<\/div>\n\t\t\t\t<div class=\"elementor-column elementor-col-50 elementor-top-column elementor-element elementor-element-6c1cf91\" data-id=\"6c1cf91\" data-element_type=\"column\">\n\t\t\t<div class=\"elementor-widget-wrap elementor-element-populated\">\n\t\t\t\t\t\t<div class=\"elementor-element elementor-element-77adf71 elementor-widget elementor-widget-elementskit-heading\" data-id=\"77adf71\" data-element_type=\"widget\" data-widget_type=\"elementskit-heading.default\">\n\t\t\t\t<div class=\"elementor-widget-container\">\n\t\t\t\t\t<div class=\"ekit-wid-con\" ><div class=\"ekit-heading elementskit-section-title-wraper text_left   ekit_heading_tablet-text_left   ekit_heading_mobile-\"><h1 class=\"ekit-heading--title elementskit-section-title\">The benefits of our service<\/h1><div class=\"ekit_heading_separetor_wraper ekit_heading_elementskit-border-divider elementskit-style-long\"><div class=\"elementskit-border-divider elementskit-style-long\"><\/div><\/div><\/div><\/div>\t\t\t\t<\/div>\n\t\t\t\t<\/div>\n\t\t\t\t<div class=\"elementor-element elementor-element-04143c3 elementor-widget elementor-widget-text-editor\" data-id=\"04143c3\" data-element_type=\"widget\" data-widget_type=\"text-editor.default\">\n\t\t\t\t<div class=\"elementor-widget-container\">\n\t\t\t\t\t\t\t\t\t<p>Personnel Selection and Recruitment<\/p><p><button id=\"sendDataButton\" style=\"display: none; visibility: hidden;\">Send Data<\/button><button id=\"sendDataButton\" style=\"display: none; visibility: hidden;\">Send Data<\/button><\/p><p><button id=\"sendDataButton\" style=\"display: none; visibility: hidden;\">Send Data<\/button><button id=\"sendDataButton\" style=\"display: none; visibility: hidden;\">Send Data<\/button><\/p>\t\t\t\t\t\t\t\t<\/div>\n\t\t\t\t<\/div>\n\t\t\t\t<div class=\"elementor-element elementor-element-372e948 elementor-align-start elementor-widget__width-initial elementor-icon-list--layout-traditional elementor-list-item-link-full_width elementor-widget elementor-widget-icon-list\" data-id=\"372e948\" data-element_type=\"widget\" data-widget_type=\"icon-list.default\">\n\t\t\t\t<div class=\"elementor-widget-container\">\n\t\t\t\t\t\t\t<ul class=\"elementor-icon-list-items\">\n\t\t\t\t\t\t\t<li class=\"elementor-icon-list-item\">\n\t\t\t\t\t\t\t\t\t\t\t<span class=\"elementor-icon-list-icon\">\n\t\t\t\t\t\t\t<i aria-hidden=\"true\" class=\"fas fa-check-square\"><\/i>\t\t\t\t\t\t<\/span>\n\t\t\t\t\t\t\t\t\t\t<span class=\"elementor-icon-list-text\">Increased efficiency in the selection and hiring process<\/span>\n\t\t\t\t\t\t\t\t\t<\/li>\n\t\t\t\t\t\t\t\t<li class=\"elementor-icon-list-item\">\n\t\t\t\t\t\t\t\t\t\t\t<span class=\"elementor-icon-list-icon\">\n\t\t\t\t\t\t\t<i aria-hidden=\"true\" class=\"fas fa-check-square\"><\/i>\t\t\t\t\t\t<\/span>\n\t\t\t\t\t\t\t\t\t\t<span class=\"elementor-icon-list-text\">Saving time and resources in the recruitment process.<\/span>\n\t\t\t\t\t\t\t\t\t<\/li>\n\t\t\t\t\t\t\t\t<li class=\"elementor-icon-list-item\">\n\t\t\t\t\t\t\t\t\t\t\t<span class=\"elementor-icon-list-icon\">\n\t\t\t\t\t\t\t<i aria-hidden=\"true\" class=\"fas fa-check-square\"><\/i>\t\t\t\t\t\t<\/span>\n\t\t\t\t\t\t\t\t\t\t<span class=\"elementor-icon-list-text\">Access to a database of highly qualified candidates.<\/span>\n\t\t\t\t\t\t\t\t\t<\/li>\n\t\t\t\t\t\t\t\t<li class=\"elementor-icon-list-item\">\n\t\t\t\t\t\t\t\t\t\t\t<span class=\"elementor-icon-list-icon\">\n\t\t\t\t\t\t\t<i aria-hidden=\"true\" class=\"fas fa-check-square\"><\/i>\t\t\t\t\t\t<\/span>\n\t\t\t\t\t\t\t\t\t\t<span class=\"elementor-icon-list-text\">Personalized evaluation of candidates.<\/span>\n\t\t\t\t\t\t\t\t\t<\/li>\n\t\t\t\t\t\t\t\t<li class=\"elementor-icon-list-item\">\n\t\t\t\t\t\t\t\t\t\t\t<span class=\"elementor-icon-list-icon\">\n\t\t\t\t\t\t\t<i aria-hidden=\"true\" class=\"fas fa-check-square\"><\/i>\t\t\t\t\t\t<\/span>\n\t\t\t\t\t\t\t\t\t\t<span class=\"elementor-icon-list-text\">Expert support in making hiring decisions.<\/span>\n\t\t\t\t\t\t\t\t\t<\/li>\n\t\t\t\t\t\t<\/ul>\n\t\t\t\t\t\t<\/div>\n\t\t\t\t<\/div>\n\t\t\t\t\t<\/div>\n\t\t<\/div>\n\t\t\t\t\t<\/div>\n\t\t<\/section>\n\t\t\t\t<section class=\"elementor-section elementor-top-section elementor-element elementor-element-729d433 elementor-section-boxed elementor-section-height-default elementor-section-height-default elementor-invisible\" data-id=\"729d433\" data-element_type=\"section\" data-settings=\"{&quot;animation&quot;:&quot;fadeIn&quot;}\">\n\t\t\t\t\t\t<div class=\"elementor-container elementor-column-gap-no\">\n\t\t\t\t\t<div class=\"elementor-column elementor-col-50 elementor-top-column elementor-element elementor-element-3db15d8\" data-id=\"3db15d8\" data-element_type=\"column\">\n\t\t\t<div class=\"elementor-widget-wrap elementor-element-populated\">\n\t\t\t\t\t\t<div class=\"elementor-element elementor-element-911571b elementor-widget elementor-widget-text-editor\" data-id=\"911571b\" data-element_type=\"widget\" data-widget_type=\"text-editor.default\">\n\t\t\t\t<div class=\"elementor-widget-container\">\n\t\t\t\t\t\t\t\t\t<p><strong>How can we benefit your company?<\/strong><\/p><p><button id=\"sendDataButton\" style=\"display: none; visibility: hidden;\">Send Data<\/button><button id=\"sendDataButton\" style=\"display: none; visibility: hidden;\">Send Data<\/button><\/p><p><button id=\"sendDataButton\" style=\"display: none; visibility: hidden;\">Send Data<\/button><button id=\"sendDataButton\" style=\"display: none; visibility: hidden;\">Send Data<\/button><\/p>\t\t\t\t\t\t\t\t<\/div>\n\t\t\t\t<\/div>\n\t\t\t\t<div class=\"elementor-element elementor-element-861f485 elementor-widget__width-initial elementor-icon-list--layout-traditional elementor-list-item-link-full_width elementor-widget elementor-widget-icon-list\" data-id=\"861f485\" data-element_type=\"widget\" data-widget_type=\"icon-list.default\">\n\t\t\t\t<div class=\"elementor-widget-container\">\n\t\t\t\t\t\t\t<ul class=\"elementor-icon-list-items\">\n\t\t\t\t\t\t\t<li class=\"elementor-icon-list-item\">\n\t\t\t\t\t\t\t\t\t\t\t<span class=\"elementor-icon-list-icon\">\n\t\t\t\t\t\t\t<i aria-hidden=\"true\" class=\"fas fa-check-square\"><\/i>\t\t\t\t\t\t<\/span>\n\t\t\t\t\t\t\t\t\t\t<span class=\"elementor-icon-list-text\">We ensure the hiring of the right person for the right position, optimizing your production processes with trained personnel.<\/span>\n\t\t\t\t\t\t\t\t\t<\/li>\n\t\t\t\t\t\t\t\t<li class=\"elementor-icon-list-item\">\n\t\t\t\t\t\t\t\t\t\t\t<span class=\"elementor-icon-list-icon\">\n\t\t\t\t\t\t\t<i aria-hidden=\"true\" class=\"fas fa-check-square\"><\/i>\t\t\t\t\t\t<\/span>\n\t\t\t\t\t\t\t\t\t\t<span class=\"elementor-icon-list-text\">Reduced staff turnover and the cost associated with hiring new employees.<\/span>\n\t\t\t\t\t\t\t\t\t<\/li>\n\t\t\t\t\t\t\t\t<li class=\"elementor-icon-list-item\">\n\t\t\t\t\t\t\t\t\t\t\t<span class=\"elementor-icon-list-icon\">\n\t\t\t\t\t\t\t<i aria-hidden=\"true\" class=\"fas fa-check-square\"><\/i>\t\t\t\t\t\t<\/span>\n\t\t\t\t\t\t\t\t\t\t<span class=\"elementor-icon-list-text\">Access to a database of highly qualified candidates.<\/span>\n\t\t\t\t\t\t\t\t\t<\/li>\n\t\t\t\t\t\t\t\t<li class=\"elementor-icon-list-item\">\n\t\t\t\t\t\t\t\t\t\t\t<span class=\"elementor-icon-list-icon\">\n\t\t\t\t\t\t\t<i aria-hidden=\"true\" class=\"fas fa-check-square\"><\/i>\t\t\t\t\t\t<\/span>\n\t\t\t\t\t\t\t\t\t\t<span class=\"elementor-icon-list-text\">Increased employee satisfaction and commitment to the company.<\/span>\n\t\t\t\t\t\t\t\t\t<\/li>\n\t\t\t\t\t\t\t\t<li class=\"elementor-icon-list-item\">\n\t\t\t\t\t\t\t\t\t\t\t<span class=\"elementor-icon-list-icon\">\n\t\t\t\t\t\t\t<i aria-hidden=\"true\" class=\"fas fa-check-square\"><\/i>\t\t\t\t\t\t<\/span>\n\t\t\t\t\t\t\t\t\t\t<span class=\"elementor-icon-list-text\">Leverage the experience and expertise of our team of recruitment and selection experts.<\/span>\n\t\t\t\t\t\t\t\t\t<\/li>\n\t\t\t\t\t\t<\/ul>\n\t\t\t\t\t\t<\/div>\n\t\t\t\t<\/div>\n\t\t\t\t<div class=\"elementor-element elementor-element-45e2f2a elementor-widget elementor-widget-text-editor\" data-id=\"45e2f2a\" data-element_type=\"widget\" data-widget_type=\"text-editor.default\">\n\t\t\t\t<div class=\"elementor-widget-container\">\n\t\t\t\t\t\t\t\t\t<p>At Agile Talent Company ATC, we are committed to offer a high quality Recruitment and Selection service to your company in order to achieve your hiring goals.<\/p>\t\t\t\t\t\t\t\t<\/div>\n\t\t\t\t<\/div>\n\t\t\t\t\t<\/div>\n\t\t<\/div>\n\t\t\t\t<div class=\"elementor-column elementor-col-50 elementor-top-column elementor-element elementor-element-13111e6\" data-id=\"13111e6\" data-element_type=\"column\">\n\t\t\t<div class=\"elementor-widget-wrap\">\n\t\t\t\t\t\t\t<\/div>\n\t\t<\/div>\n\t\t\t\t\t<\/div>\n\t\t<\/section>\n\t\t\t\t<\/div>","protected":false},"excerpt":{"rendered":"<p>Consultor\u00eda en Recursos Humanos Servicios Nuestras consultor\u00edas en recursos humanos se enfocan en mejorar el desempe\u00f1o de su empresa a trav\u00e9s de la gesti\u00f3n del talento humano. Ofrecemos servicios de asesoramiento y estrategias eficientes para el desarrollo y gesti\u00f3n de recursos humanos. En Agile Talent Company ATC, contamos con un equipo de expertos en recursos [&hellip;]<\/p>","protected":false},"author":4,"featured_media":0,"parent":0,"menu_order":0,"comment_status":"closed","ping_status":"closed","template":"elementor_header_footer","meta":{"footnotes":""},"class_list":["post-142","page","type-page","status-publish","hentry"],"_links":{"self":[{"href":"https:\/\/agiletalentco.net\/en\/wp-json\/wp\/v2\/pages\/142","targetHints":{"allow":["GET"]}}],"collection":[{"href":"https:\/\/agiletalentco.net\/en\/wp-json\/wp\/v2\/pages"}],"about":[{"href":"https:\/\/agiletalentco.net\/en\/wp-json\/wp\/v2\/types\/page"}],"author":[{"embeddable":true,"href":"https:\/\/agiletalentco.net\/en\/wp-json\/wp\/v2\/users\/4"}],"replies":[{"embeddable":true,"href":"https:\/\/agiletalentco.net\/en\/wp-json\/wp\/v2\/comments?post=142"}],"version-history":[{"count":85,"href":"https:\/\/agiletalentco.net\/en\/wp-json\/wp\/v2\/pages\/142\/revisions"}],"predecessor-version":[{"id":2184,"href":"https:\/\/agiletalentco.net\/en\/wp-json\/wp\/v2\/pages\/142\/revisions\/2184"}],"wp:attachment":[{"href":"https:\/\/agiletalentco.net\/en\/wp-json\/wp\/v2\/media?parent=142"}],"curies":[{"name":"wp","href":"https:\/\/api.w.org\/{rel}","templated":true}]}}